{"id":6,"date":"2023-08-26T22:06:32","date_gmt":"2023-08-26T22:06:32","guid":{"rendered":"https:\/\/pragmatic-slot.org\/?page_id=6"},"modified":"2024-04-30T08:26:16","modified_gmt":"2024-04-30T08:26:16","slug":"key-features-of-pragmatic-play","status":"publish","type":"page","link":"https:\/\/pragmatic-slot.org\/pl\/","title":{"rendered":"G\u0142\u00f3wne cechy Pragmatic Play"},"content":{"rendered":"<p>Pragmatic Play jest wiod\u0105c\u0105 firm\u0105 w zakresie hazardu online, oferuj\u0105c\u0105 szeroki zakres innowacyjnych, regulowanych i zorientowanych na urz\u0105dzenia mobilne produkt\u00f3w hazardowych.<\/p>\n<p>Nasza pasja do jako\u015bciowej rozrywki nie zna granic. Naszym celem jest tworzenie najbardziej porywaj\u0105cych i niezapomnianych produkt\u00f3w dla naszych klient\u00f3w, takich jak automaty wideo, kasyna na \u017cywo i bingo, dost\u0119pnych wszystko to przez pojedyncze API.<\/p>\n<p>Biblioteka gier Pragmatic Play obejmuje ponad 100 sprawdzonych, w\u0142asnych gier HTML5, obs\u0142uguj\u0105cych wszystkie g\u0142\u00f3wne waluty i trzydziestu jeden j\u0119zyk\u00f3w. Te gry s\u0105 r\u00f3wnie\u017c dost\u0119pne na wszystkich g\u0142\u00f3wnych certyfikowanych rynkach. Wypuszczamy trzy nowe automaty wideo miesi\u0119cznie i planujemy zwi\u0119kszy\u0107 t\u0119 liczb\u0119.<\/p>\n<h2><strong>Historia firmy<\/strong><\/h2>\n<p>W 2015 roku zosta\u0142a za\u0142o\u017cona firma Pragmatic Play, oznaczaj\u0105c pocz\u0105tek swojej podr\u00f3\u017cy. Jednak prawdziwa historia rozpocz\u0119\u0142a si\u0119 w 2016 roku, gdy oprogramowanie zosta\u0142o przetestowane i zatwierdzone przez Gaming Laboratories International (GLI), znacz\u0105cy kamie\u0144 milowy dla firmy.<\/p>\n<p>W 2016 roku Pragmatic Play uzyska\u0142 licencje od r\u00f3\u017cnych organizacji i kraj\u00f3w. Zosta\u0142y licencjobiorcami Malta Gaming Authority, Philippine Amusement and Gaming Corporation oraz licencj\u0105 klasy 2 od Narodowego Urz\u0119du do Spraw Hazardu w Rumunii. Te licencje pozwoli\u0142y im na dzia\u0142anie na licznych rynkach.<\/p>\n<p>W 2017 roku Pragmatic Play osi\u0105gn\u0105\u0142 kolejny kamie\u0144 milowy, zostaj\u0105c licencjobiorcami UK Gambling Commission, podkre\u015blaj\u0105c wysoki standard jako\u015bci.<\/p>\n<p>W kolejnych latach, w 2019 roku, Pragmatic Play kontynuowa\u0142 ekspansj\u0119 swoich osi\u0105gni\u0119\u0107. Firma wkroczy\u0142a na rynek szwedzki, wyda\u0142a automat wideo &#8222;Mustang Gold&#8221; i wprowadzi\u0142a narz\u0119dzie stymulacji Enhance.<\/p>\n<p>Rok 2020 by\u0142 rokiem integracji gier Pragmatic Play na platform\u0119 GGPoker. Stworzyli r\u00f3wnie\u017c sw\u00f3j pierwszy slot markowy po\u015bwi\u0119cony &#8222;Peaky Blinders&#8221;.<\/p>\n<p>W 2021 roku Pragmatic Play kontynuowa\u0142 zachwycanie graczy nowymi produktami. Ich &#8222;Mega Roulette&#8221; zosta\u0142a udost\u0119pniona operatorom z Ameryki \u0141aci\u0144skiej w krajach takich jak Argentyna, Paragwaj i Wenezuela. Wydali r\u00f3wnie\u017c trzeci\u0105 gr\u0119 z serii &#8222;Big Bass Bonanza&#8221;, &#8222;Big Bass Bonanza Megaways\u2122&#8221;.<\/p>\n<p>W 2022 roku Pragmatic Play wsp\u00f3\u0142pracowa\u0142 z 888Casino, aby otworzy\u0107 studio blackjacka specjalnie dla tego operatora.<\/p>\n<p>Tak wi\u0119c Pragmatic Play przeszed\u0142 d\u0142ug\u0105 drog\u0119 od za\u0142o\u017cenia w 2015 roku, staj\u0105c si\u0119 odnosz\u0105cym sukcesy i rozpoznawanym graczem w bran\u017cy hazardowej.<\/p>\n<h2><strong>Nowoczesne technologie<\/strong><\/h2>\n<p>Pragmatic Play sprawnie wdra\u017ca zaawansowane rozwi\u0105zania technologiczne w swoich grach. Dzi\u0119ki pot\u0119\u017cnemu HTML5 gry firmy s\u0105 dost\u0119pne na wszystkich obecnych urz\u0105dzeniach.<\/p>\n<h2><strong>Hazard mobilny<\/strong><\/h2>\n<p>Platforma HTML5 idealnie dostosowuje gry Pragmatic Play do urz\u0105dze\u0144 z systemami Windows, iOS i Android. Ponadto mo\u017cna cieszy\u0107 si\u0119 graniem w automaty Pragmatic na dowolnym urz\u0105dzeniu bez dyskomfortu. Sloty Pragmatic s\u0105 grywalne na ka\u017cdym urz\u0105dzeniu.<\/p>\n<h2><strong>Atrakcyjne bonusy i kody promocyjne<\/strong><\/h2>\n<p>Pragmatic Play wzbogaci\u0142 swoj\u0105 arsena\u0142 bonus\u00f3w za pomoc\u0105 platformy Enhance\u2122, oferuj\u0105c unikalne nagrody, turnieje, darmowe rundy, mno\u017cniki wygranych i inne pyszne nagrody.<\/p>\n<h2><strong>Bezpiecze\u0144stwo<\/strong><\/h2>\n<p>Nowoczesne metody szyfrowania i zap\u00f3r ogniowych niezawodnie chroni\u0105 graczy i ich dane osobowe. Licencje Malta Gaming Authority, UK Gambling Commission i innych organ\u00f3w regulacyjnych podkre\u015blaj\u0105 wiarygodno\u015b\u0107 i uczciwo\u015b\u0107 dostawcy.<\/p>\n<h2><strong>Najlepsze kasyna z grami Pragmatic Play<\/strong><\/h2>\n<p>Wiele kasyn oferuje gry Pragmatic Play, ale polecamy nast\u0119puj\u0105ce kasyna internetowe:<\/p>\n<ul>\n<li style=\"font-weight: 400;\" aria-level=\"1\"><span style=\"font-weight: 400;\">PokerStars Casino<\/span><\/li>\n<li style=\"font-weight: 400;\" aria-level=\"1\"><span style=\"font-weight: 400;\">Pin Up<\/span><\/li>\n<li style=\"font-weight: 400;\" aria-level=\"1\"><span style=\"font-weight: 400;\">GG Poker Casino<\/span><\/li>\n<li style=\"font-weight: 400;\" aria-level=\"1\"><span style=\"font-weight: 400;\">888 Casino<\/span><\/li>\n<li style=\"font-weight: 400;\" aria-level=\"1\"><span style=\"font-weight: 400;\">Mr. Green<\/span><\/li>\n<li style=\"font-weight: 400;\" aria-level=\"1\"><span style=\"font-weight: 400;\">William Hill Casino<\/span><\/li>\n<li style=\"font-weight: 400;\" aria-level=\"1\"><span style=\"font-weight: 400;\">Leo Vegas<\/span><\/li>\n<li style=\"font-weight: 400;\" aria-level=\"1\"><span style=\"font-weight: 400;\">Mostbet<\/span><\/li>\n<li style=\"font-weight: 400;\" aria-level=\"1\"><span style=\"font-weight: 400;\">Casumo<\/span><\/li>\n<li style=\"font-weight: 400;\" aria-level=\"1\"><span style=\"font-weight: 400;\">Betsson<\/span><\/li>\n<\/ul>\n<h2><strong>Najlepsze oprogramowanie<\/strong><\/h2>\n<p>Pragmatic Play zas\u0142u\u017cenie uwa\u017cany jest za jednego z wiod\u0105cych i innowacyjnych dostawc\u00f3w w bran\u017cy hazardowej. Doskona\u0142a strategia i organizacja Pragmatic Play pozwala im regularnie wprowadza\u0107 na rynek unikalne produkty.<\/p>\n<h2><strong>Katalog slot\u00f3w<\/strong><\/h2>\n<p>W portfolio Pragmatic Play znajduje si\u0119 ponad 100 produkt\u00f3w, w tym automaty wideo, gry sto\u0142owe, kasyna na \u017cywo i bingo. Imponuj\u0105cy asortyment slot\u00f3w jest znakiem rozpoznawczym firmy, ka\u017cdy z unikaln\u0105 tematyk\u0105. Profesjonalny zesp\u00f3\u0142 deweloperski Pragmatic Play tworzy gry na podstawie unikalnych modeli matematycznych, d\u0105\u017c\u0105c do zapewnienia ekscytuj\u0105cego do\u015bwiadczenia hazardowego.<\/p>\n<p>Produkty Pragmatic Play s\u0105 \u0142atwo dost\u0119pne na komputerach PC, urz\u0105dzeniach mobilnych i tabletach, dost\u0119pne w 31 j\u0119zykach i obs\u0142uguj\u0105ce wszystkie waluty.<\/p>\n<h2><strong>Kierownictwo firmy Pragmatic Play<\/strong><\/h2>\n<p>Gdy m\u00f3wimy o kierownictwie Pragmatic Play, mo\u017cemy wymieni\u0107 nast\u0119puj\u0105ce osoby:<\/p>\n<ul>\n<li>Yossi Barzely &#8211; Dyrektor Generalny (Chief Executive Officer)<\/li>\n<li>Lena Yasir &#8211; Wiceprezes ds. Projekt\u00f3w i Innowacji (Vice President)<\/li>\n<li>Victoria Grace &#8211; G\u0142\u00f3wny Oficer Prawny<\/li>\n<li>Denis Gaevsky &#8211; G\u0142\u00f3wny Architekt Oprogramowania<\/li>\n<li>Mark Woollard &#8211; G\u0142\u00f3wny Oficer Handlowy<\/li>\n<li>Marcos Ballesteros &#8211; G\u0142\u00f3wny Oficer Operacyjny.<\/li>\n<\/ul>\n<h2><strong>Najcz\u0119\u015bciej zadawane pytania (FAQ) na temat Pragmatic Play<\/strong><\/h2>\n<h3><strong>Co to jest Pragmatic Play?<\/strong><\/h3>\n<p>Pragmatic Play to firma specjalizuj\u0105ca si\u0119 w tworzeniu oprogramowania i gier dla kasyn online.<\/p>\n<h3><strong>Kiedy zosta\u0142o za\u0142o\u017cone Pragmatic Play?<\/strong><\/h3>\n<p>Firma zosta\u0142a za\u0142o\u017cona w 2015 roku.<\/p>\n<h3><strong>Gdzie ma siedzib\u0119 Pragmatic Play?<\/strong><\/h3>\n<p>Siedziba firmy znajduje si\u0119 na Malcie.<\/p>\n<h3><strong>Jakie licencje posiada Pragmatic Play?<\/strong><\/h3>\n<p>Pragmatic Play posiada licencje od r\u00f3\u017cnych regulator\u00f3w, w tym licencje Malta Gaming Authority, Philippine Amusement and Gaming Corporation, Narodowy Urz\u0105d do Spraw Hazardu w Rumunii, Komisj\u0119 do spraw Hazardu Wielkiej Brytanii i innych.<\/p>\n<h3><strong>Jakie rodzaje gier rozwija Pragmatic Play?<\/strong><\/h3>\n<p>Pragmatic Play rozwija r\u00f3\u017cnorodne gry, w tym automaty, gry sto\u0142owe, ruletk\u0119 i wiele wi\u0119cej.<\/p>\n<h3><strong>Z jakimi operatorami kasyn internetowych wsp\u00f3\u0142pracuje Pragmatic Play?<\/strong><\/h3>\n<p>Firma wsp\u00f3\u0142pracuje z szerokim spektrum operator\u00f3w kasyn online na ca\u0142ym \u015bwiecie.<\/p>\n<h3><strong>Jakie s\u0105 znacz\u0105ce cechy gier Pragmatic Play?<\/strong><\/h3>\n<p>Gry Pragmatic Play s\u0105 znane z wysokiej jako\u015bci grafiki, innowacyjnych funkcji, anga\u017cuj\u0105cych temat\u00f3w i mo\u017cliwo\u015bci adaptacji na r\u00f3\u017cnych urz\u0105dzeniach.<\/p>\n<h3><strong>Jakie znane gry zosta\u0142y wydane przez firm\u0119?<\/strong><\/h3>\n<p>Firma wyda\u0142a wiele popularnych gier, w tym &#8222;Mustang Gold&#8221;, &#8222;Peaky Blinders&#8221;, &#8222;Big Bass Bonanza&#8221; i wiele innych.<\/p>\n<h3><strong>W jaki spos\u00f3b Pragmatic Play wspiera odpowiedzialne granie?<\/strong><\/h3>\n<p>Pragmatic Play aktywnie wspiera odpowiedzialne granie, dostarczaj\u0105c narz\u0119dzia do ustawiania limit\u00f3w zak\u0142ad\u00f3w i czasu.<\/p>\n<h3><strong>Czym jest funkcja Enhance w Pragmatic Play?<\/strong><\/h3>\n<p>Enhance to narz\u0119dzie od Pragmatic Play zaprojektowane w celu poprawy do\u015bwiadczenia zwi\u0105zanego z gr\u0105 i zapewnienia r\u00f3\u017cnych funkcji w grze, takich jak rundy bonusowe, turnieje i wiele wi\u0119cej.<\/p>\n","protected":false},"excerpt":{"rendered":"<p>Pragmatic Play jest wiod\u0105c\u0105 firm\u0105 w zakresie hazardu online, oferuj\u0105c\u0105 szeroki zakres innowacyjnych, regulowanych i zorientowanych na urz\u0105dzenia mobilne produkt\u00f3w hazardowych. Nasza pasja do jako\u015bciowej rozrywki nie zna granic. Naszym celem jest tworzenie najbardziej porywaj\u0105cych i niezapomnianych produkt\u00f3w dla naszych klient\u00f3w, takich jak automaty wideo, kasyna na \u017cywo i bingo, dost\u0119pnych wszystko to przez pojedyncze&#8230;<\/p>\n","protected":false},"author":1,"featured_media":0,"parent":0,"menu_order":0,"comment_status":"closed","ping_status":"closed","template":"","meta":{"footnotes":""},"class_list":["post-6","page","type-page","status-publish","hentry"],"yoast_head":"<!-- This site is optimized with the Yoast SEO plugin v27.2 - https:\/\/yoast.com\/product\/yoast-seo-wordpress\/ -->\n<title>\u0418\u0433\u0440\u0430\u0442\u044c \u0432 \u0441\u043b\u043e\u0442\u044b \u0438 \u043e\u043d\u043b\u0430\u0439\u043d \u0438\u0433\u0440\u044b Pragmatic Play \u0432 \u043a\u0430\u0437\u0438\u043d\u043e<\/title>\n<meta name=\"description\" content=\"Automaty wideo, gry sto\u0142owe, kasyna na \u017cywo i automaty do gry w bingo od Pragmatic Play. Graj i wygrywaj, pobieraj, wypr\u00f3buj za darmo, wp\u0142acaj i wyp\u0142acaj wygrane\" \/>\n<meta name=\"robots\" content=\"index, follow, max-snippet:-1, max-image-preview:large, max-video-preview:-1\" \/>\n<link rel=\"canonical\" href=\"https:\/\/pragmatic-slot.org\/pl\/\" \/>\n<meta property=\"og:locale\" content=\"pl_PL\" \/>\n<meta property=\"og:locale:alternate\" content=\"ru_RU\" \/>\n<meta property=\"og:locale:alternate\" content=\"en_US\" \/>\n<meta property=\"og:locale:alternate\" content=\"fr_FR\" \/>\n<meta property=\"og:locale:alternate\" content=\"de_DE\" \/>\n<meta property=\"og:locale:alternate\" content=\"ro_RO\" \/>\n<meta property=\"og:locale:alternate\" content=\"sr_RS\" \/>\n<meta property=\"og:locale:alternate\" content=\"bg_BG\" \/>\n<meta property=\"og:locale:alternate\" content=\"it_IT\" \/>\n<meta property=\"og:type\" content=\"article\" \/>\n<meta property=\"og:title\" content=\"\u0418\u0433\u0440\u0430\u0442\u044c \u0432 \u0441\u043b\u043e\u0442\u044b \u0438 \u043e\u043d\u043b\u0430\u0439\u043d \u0438\u0433\u0440\u044b Pragmatic Play \u0432 \u043a\u0430\u0437\u0438\u043d\u043e\" \/>\n<meta property=\"og:description\" content=\"\u0412\u0438\u0434\u0435\u043e\u0441\u043b\u043e\u0442\u044b, \u043d\u0430\u0441\u0442\u043e\u043b\u044c\u043d\u044b\u0435 \u0438\u0433\u0440\u044b, \u043b\u0430\u0439\u0432-\u043a\u0430\u0437\u0438\u043d\u043e, \u0431\u0438\u043d\u0433\u043e \u0441\u043b\u043e\u0442\u044b \u043e\u0442 \u041f\u0440\u0430\u0433\u043c\u0430\u0442\u0438\u043a \u041f\u043b\u0435\u0439. \u0418\u0433\u0440\u0430\u0442\u044c \u0438 \u0432\u044b\u0438\u0433\u0440\u044b\u0432\u0430\u0442\u044c, \u0441\u043a\u0430\u0447\u0430\u0442\u044c, \u0434\u0435\u043c\u043e, \u0438\u0433\u0440\u0430\u0442\u044c \u0431\u0435\u0441\u043f\u043b\u0430\u0442\u043d\u043e, \u0434\u0435\u043f\u043e\u0437\u0438\u0442, \u0432\u044b\u0432\u043e\u0434 \u0432\u044b\u0438\u0433\u0440\u044b\u0448\u0430\" \/>\n<meta property=\"og:url\" content=\"https:\/\/pragmatic-slot.org\/pl\/\" \/>\n<meta property=\"og:site_name\" content=\"Pragmatic\" \/>\n<meta property=\"article:modified_time\" content=\"2024-04-30T08:26:16+00:00\" \/>\n<meta name=\"twitter:card\" content=\"summary_large_image\" \/>\n<meta name=\"twitter:label1\" content=\"Szacowany czas czytania\" \/>\n\t<meta name=\"twitter:data1\" content=\"32 minuty\" \/>\n<script type=\"application\/ld+json\" class=\"yoast-schema-graph\">{\"@context\":\"https:\/\/schema.org\",\"@graph\":[{\"@type\":\"WebPage\",\"@id\":\"https:\/\/pragmatic-slot.org\/\",\"url\":\"https:\/\/pragmatic-slot.org\/\",\"name\":\"\u0418\u0433\u0440\u0430\u0442\u044c \u0432 \u0441\u043b\u043e\u0442\u044b \u0438 \u043e\u043d\u043b\u0430\u0439\u043d \u0438\u0433\u0440\u044b Pragmatic Play \u0432 \u043a\u0430\u0437\u0438\u043d\u043e\",\"isPartOf\":{\"@id\":\"https:\/\/pragmatic-slot.org\/#website\"},\"datePublished\":\"2023-08-26T22:06:32+00:00\",\"dateModified\":\"2024-04-30T08:26:16+00:00\",\"description\":\"\u0412\u0438\u0434\u0435\u043e\u0441\u043b\u043e\u0442\u044b, \u043d\u0430\u0441\u0442\u043e\u043b\u044c\u043d\u044b\u0435 \u0438\u0433\u0440\u044b, \u043b\u0430\u0439\u0432-\u043a\u0430\u0437\u0438\u043d\u043e, \u0431\u0438\u043d\u0433\u043e \u0441\u043b\u043e\u0442\u044b \u043e\u0442 \u041f\u0440\u0430\u0433\u043c\u0430\u0442\u0438\u043a \u041f\u043b\u0435\u0439. \u0418\u0433\u0440\u0430\u0442\u044c \u0438 \u0432\u044b\u0438\u0433\u0440\u044b\u0432\u0430\u0442\u044c, \u0441\u043a\u0430\u0447\u0430\u0442\u044c, \u0434\u0435\u043c\u043e, \u0438\u0433\u0440\u0430\u0442\u044c \u0431\u0435\u0441\u043f\u043b\u0430\u0442\u043d\u043e, \u0434\u0435\u043f\u043e\u0437\u0438\u0442, \u0432\u044b\u0432\u043e\u0434 \u0432\u044b\u0438\u0433\u0440\u044b\u0448\u0430\",\"breadcrumb\":{\"@id\":\"https:\/\/pragmatic-slot.org\/#breadcrumb\"},\"inLanguage\":\"pl-PL\",\"potentialAction\":[{\"@type\":\"ReadAction\",\"target\":[\"https:\/\/pragmatic-slot.org\/\"]}]},{\"@type\":\"BreadcrumbList\",\"@id\":\"https:\/\/pragmatic-slot.org\/#breadcrumb\",\"itemListElement\":[{\"@type\":\"ListItem\",\"position\":1,\"name\":\"Home\",\"item\":\"https:\/\/pragmatic-slot.org\/\"},{\"@type\":\"ListItem\",\"position\":2,\"name\":\"\u041e\u0441\u043d\u043e\u0432\u043d\u044b\u0435 \u0445\u0430\u0440\u0430\u043a\u0442\u0435\u0440\u0438\u0441\u0442\u0438\u043a\u0438 Pragmatic Play\"}]},{\"@type\":\"WebSite\",\"@id\":\"https:\/\/pragmatic-slot.org\/#website\",\"url\":\"https:\/\/pragmatic-slot.org\/\",\"name\":\"Pragmatic\",\"description\":\"Just another WordPress site\",\"potentialAction\":[{\"@type\":\"SearchAction\",\"target\":{\"@type\":\"EntryPoint\",\"urlTemplate\":\"https:\/\/pragmatic-slot.org\/?s={search_term_string}\"},\"query-input\":{\"@type\":\"PropertyValueSpecification\",\"valueRequired\":true,\"valueName\":\"search_term_string\"}}],\"inLanguage\":\"pl-PL\"}]}<\/script>\n<!-- \/ Yoast SEO plugin. -->","yoast_head_json":{"title":"\u0418\u0433\u0440\u0430\u0442\u044c \u0432 \u0441\u043b\u043e\u0442\u044b \u0438 \u043e\u043d\u043b\u0430\u0439\u043d \u0438\u0433\u0440\u044b Pragmatic Play \u0432 \u043a\u0430\u0437\u0438\u043d\u043e","description":"Automaty wideo, gry sto\u0142owe, kasyna na \u017cywo i automaty do gry w bingo od Pragmatic Play. Graj i wygrywaj, pobieraj, wypr\u00f3buj za darmo, wp\u0142acaj i wyp\u0142acaj wygrane","robots":{"index":"index","follow":"follow","max-snippet":"max-snippet:-1","max-image-preview":"max-image-preview:large","max-video-preview":"max-video-preview:-1"},"canonical":"https:\/\/pragmatic-slot.org\/pl\/","og_locale":"pl_PL","og_type":"article","og_title":"\u0418\u0433\u0440\u0430\u0442\u044c \u0432 \u0441\u043b\u043e\u0442\u044b \u0438 \u043e\u043d\u043b\u0430\u0439\u043d \u0438\u0433\u0440\u044b Pragmatic Play \u0432 \u043a\u0430\u0437\u0438\u043d\u043e","og_description":"\u0412\u0438\u0434\u0435\u043e\u0441\u043b\u043e\u0442\u044b, \u043d\u0430\u0441\u0442\u043e\u043b\u044c\u043d\u044b\u0435 \u0438\u0433\u0440\u044b, \u043b\u0430\u0439\u0432-\u043a\u0430\u0437\u0438\u043d\u043e, \u0431\u0438\u043d\u0433\u043e \u0441\u043b\u043e\u0442\u044b \u043e\u0442 \u041f\u0440\u0430\u0433\u043c\u0430\u0442\u0438\u043a \u041f\u043b\u0435\u0439. \u0418\u0433\u0440\u0430\u0442\u044c \u0438 \u0432\u044b\u0438\u0433\u0440\u044b\u0432\u0430\u0442\u044c, \u0441\u043a\u0430\u0447\u0430\u0442\u044c, \u0434\u0435\u043c\u043e, \u0438\u0433\u0440\u0430\u0442\u044c \u0431\u0435\u0441\u043f\u043b\u0430\u0442\u043d\u043e, \u0434\u0435\u043f\u043e\u0437\u0438\u0442, \u0432\u044b\u0432\u043e\u0434 \u0432\u044b\u0438\u0433\u0440\u044b\u0448\u0430","og_url":"https:\/\/pragmatic-slot.org\/pl\/","og_site_name":"Pragmatic","article_modified_time":"2024-04-30T08:26:16+00:00","twitter_card":"summary_large_image","twitter_misc":{"Szacowany czas czytania":"32 minuty"},"schema":{"@context":"https:\/\/schema.org","@graph":[{"@type":"WebPage","@id":"https:\/\/pragmatic-slot.org\/","url":"https:\/\/pragmatic-slot.org\/","name":"\u0418\u0433\u0440\u0430\u0442\u044c \u0432 \u0441\u043b\u043e\u0442\u044b \u0438 \u043e\u043d\u043b\u0430\u0439\u043d \u0438\u0433\u0440\u044b Pragmatic Play \u0432 \u043a\u0430\u0437\u0438\u043d\u043e","isPartOf":{"@id":"https:\/\/pragmatic-slot.org\/#website"},"datePublished":"2023-08-26T22:06:32+00:00","dateModified":"2024-04-30T08:26:16+00:00","description":"\u0412\u0438\u0434\u0435\u043e\u0441\u043b\u043e\u0442\u044b, \u043d\u0430\u0441\u0442\u043e\u043b\u044c\u043d\u044b\u0435 \u0438\u0433\u0440\u044b, \u043b\u0430\u0439\u0432-\u043a\u0430\u0437\u0438\u043d\u043e, \u0431\u0438\u043d\u0433\u043e \u0441\u043b\u043e\u0442\u044b \u043e\u0442 \u041f\u0440\u0430\u0433\u043c\u0430\u0442\u0438\u043a \u041f\u043b\u0435\u0439. \u0418\u0433\u0440\u0430\u0442\u044c \u0438 \u0432\u044b\u0438\u0433\u0440\u044b\u0432\u0430\u0442\u044c, \u0441\u043a\u0430\u0447\u0430\u0442\u044c, \u0434\u0435\u043c\u043e, \u0438\u0433\u0440\u0430\u0442\u044c \u0431\u0435\u0441\u043f\u043b\u0430\u0442\u043d\u043e, \u0434\u0435\u043f\u043e\u0437\u0438\u0442, \u0432\u044b\u0432\u043e\u0434 \u0432\u044b\u0438\u0433\u0440\u044b\u0448\u0430","breadcrumb":{"@id":"https:\/\/pragmatic-slot.org\/#breadcrumb"},"inLanguage":"pl-PL","potentialAction":[{"@type":"ReadAction","target":["https:\/\/pragmatic-slot.org\/"]}]},{"@type":"BreadcrumbList","@id":"https:\/\/pragmatic-slot.org\/#breadcrumb","itemListElement":[{"@type":"ListItem","position":1,"name":"Home","item":"https:\/\/pragmatic-slot.org\/"},{"@type":"ListItem","position":2,"name":"\u041e\u0441\u043d\u043e\u0432\u043d\u044b\u0435 \u0445\u0430\u0440\u0430\u043a\u0442\u0435\u0440\u0438\u0441\u0442\u0438\u043a\u0438 Pragmatic Play"}]},{"@type":"WebSite","@id":"https:\/\/pragmatic-slot.org\/#website","url":"https:\/\/pragmatic-slot.org\/","name":"Pragmatic","description":"Just another WordPress site","potentialAction":[{"@type":"SearchAction","target":{"@type":"EntryPoint","urlTemplate":"https:\/\/pragmatic-slot.org\/?s={search_term_string}"},"query-input":{"@type":"PropertyValueSpecification","valueRequired":true,"valueName":"search_term_string"}}],"inLanguage":"pl-PL"}]}},"_links":{"self":[{"href":"https:\/\/pragmatic-slot.org\/pl\/wp-json\/wp\/v2\/pages\/6","targetHints":{"allow":["GET"]}}],"collection":[{"href":"https:\/\/pragmatic-slot.org\/pl\/wp-json\/wp\/v2\/pages"}],"about":[{"href":"https:\/\/pragmatic-slot.org\/pl\/wp-json\/wp\/v2\/types\/page"}],"author":[{"embeddable":true,"href":"https:\/\/pragmatic-slot.org\/pl\/wp-json\/wp\/v2\/users\/1"}],"replies":[{"embeddable":true,"href":"https:\/\/pragmatic-slot.org\/pl\/wp-json\/wp\/v2\/comments?post=6"}],"version-history":[{"count":28,"href":"https:\/\/pragmatic-slot.org\/pl\/wp-json\/wp\/v2\/pages\/6\/revisions"}],"predecessor-version":[{"id":305,"href":"https:\/\/pragmatic-slot.org\/pl\/wp-json\/wp\/v2\/pages\/6\/revisions\/305"}],"wp:attachment":[{"href":"https:\/\/pragmatic-slot.org\/pl\/wp-json\/wp\/v2\/media?parent=6"}],"curies":[{"name":"wp","href":"https:\/\/api.w.org\/{rel}","templated":true}]}}