{"id":10,"date":"2023-08-26T22:10:45","date_gmt":"2023-08-26T22:10:45","guid":{"rendered":"https:\/\/pragmatic-slot.org\/?page_id=10"},"modified":"2024-04-10T11:43:31","modified_gmt":"2024-04-10T11:43:31","slug":"about","status":"publish","type":"page","link":"https:\/\/pragmatic-slot.org\/pl\/about\/","title":{"rendered":"O nas"},"content":{"rendered":"<p>Witamy na naszej stronie po\u015bwi\u0119conej ekscytuj\u0105cemu \u015bwiatu gier od Pragmatic Play. Jeste\u015bmy zespo\u0142em entuzjast\u00f3w, kt\u00f3rzy pasjonuj\u0105 si\u0119 hazardem i ekscytuj\u0105cymi do\u015bwiadczeniami z grami. Nasza misja polega na dzieleniu si\u0119 z Tob\u0105 niezwyk\u0142ym bogactwem i jako\u015bci\u0105 gier oferowanych przez tego wiod\u0105cego dewelopera.<\/p>\n<h2><strong>Nasze Cele<\/strong><\/h2>\n<p>Naszym celem jest zapewnienie Ci wszechstronnych recenzji gier Pragmatic Play, aby\u015b m\u00f3g\u0142 podejmowa\u0107 \u015bwiadome decyzje i czerpa\u0107 pe\u0142n\u0105 przyjemno\u015b\u0107 z hazardu. Naszym celem jest zapewnienie Ci szczeg\u00f3\u0142owych informacji o ka\u017cdej grze, pozwalaj\u0105c Ci zanurzy\u0107 si\u0119 w \u015bwiat gier ze zrozumieniem.<\/p>\n<h2><strong>Eksperckie Spostrze\u017cenia Hazardowe<\/strong><\/h2>\n<p>Nasze recenzje opieraj\u0105 si\u0119 na obiektywnych ocenach i opinii ekspert\u00f3w. Ka\u017cda gra przechodzi gruntown\u0105 analiz\u0119, w tym mechanik\u0119 rozgrywki, grafik\u0119, bonusy, RTP (Return to Player) i wiele wi\u0119cej. Staramy si\u0119 zapewni\u0107 Ci wszystkie niezb\u0119dne informacje, aby\u015b m\u00f3g\u0142 oceni\u0107, czy gra odpowiada Twoim preferencjom i oczekiwaniom.<\/p>\n<h2><strong>Wszechstronne Podej\u015bcie<\/strong><\/h2>\n<p>Nasza strona obejmuje ca\u0142e spektrum portfolio gier Pragmatic Play, w tym automaty, bingo, karty do gry, kasyna na \u017cywo i wiele wi\u0119cej. Regularnie aktualizujemy nasz\u0105 kolekcj\u0119 recenzji, aby\u015b by\u0142 informowany o najnowszych premierach i innowacjach.<\/p>\n<h2><strong>Porady i Rekomendacje<\/strong><\/h2>\n<p>Oferujemy tak\u017ce porady i rekomendacje dotycz\u0105ce wyboru gier, strategii rozgrywki i zarz\u0105dzania kapita\u0142em. Naszym celem jest uczynienie Twojego do\u015bwiadczenia z grami jeszcze bardziej udanym i przyjemnym.<\/p>\n<h2><strong>Opinie<\/strong><\/h2>\n<p>Doceniamy Twoj\u0105 opini\u0119 i jeste\u015bmy gotowi przyj\u0105\u0107 Twoje sugestie. Je\u015bli masz jakiekolwiek pytania, sugestie lub \u017cyczenia, prosimy o kontakt. Jeste\u015bmy zawsze otwarci na dialog i gotowi rozwa\u017cy\u0107 Twoj\u0105 opini\u0119.<\/p>\n<p>Dzi\u0119kujemy, \u017ce wybra\u0142e\u015b nas na swojego partnera w \u015bwiecie rozrywki hazardowej. Mamy nadziej\u0119, \u017ce nasze recenzje pomog\u0105 Ci maksymalnie cieszy\u0107 si\u0119 i wygrywa\u0107 w grach Pragmatic Play!<\/p>\n","protected":false},"excerpt":{"rendered":"<p>Witamy na naszej stronie po\u015bwi\u0119conej ekscytuj\u0105cemu \u015bwiatu gier od Pragmatic Play. Jeste\u015bmy zespo\u0142em entuzjast\u00f3w, kt\u00f3rzy pasjonuj\u0105 si\u0119 hazardem i ekscytuj\u0105cymi do\u015bwiadczeniami z grami. Nasza misja polega na dzieleniu si\u0119 z Tob\u0105 niezwyk\u0142ym bogactwem i jako\u015bci\u0105 gier oferowanych przez tego wiod\u0105cego dewelopera. Nasze Cele Naszym celem jest zapewnienie Ci wszechstronnych recenzji gier Pragmatic Play, aby\u015b m\u00f3g\u0142&#8230;<\/p>\n","protected":false},"author":1,"featured_media":0,"parent":0,"menu_order":0,"comment_status":"closed","ping_status":"closed","template":"","meta":{"footnotes":""},"class_list":["post-10","page","type-page","status-publish","hentry"],"yoast_head":"<!-- This site is optimized with the Yoast SEO plugin v27.2 - https:\/\/yoast.com\/product\/yoast-seo-wordpress\/ -->\n<title>\u041e \u0441\u0430\u0439\u0442\u0435 Pragmatic-Slot.org<\/title>\n<meta name=\"description\" content=\"Informacje o stronie Pragmatic-Slot.org. Cele, misja, zadania i inne\" \/>\n<meta name=\"robots\" content=\"index, follow, max-snippet:-1, max-image-preview:large, max-video-preview:-1\" \/>\n<link rel=\"canonical\" href=\"https:\/\/pragmatic-slot.org\/pl\/about\/\" \/>\n<meta property=\"og:locale\" content=\"pl_PL\" \/>\n<meta property=\"og:locale:alternate\" content=\"ru_RU\" \/>\n<meta property=\"og:locale:alternate\" content=\"en_US\" \/>\n<meta property=\"og:locale:alternate\" content=\"fr_FR\" \/>\n<meta property=\"og:locale:alternate\" content=\"de_DE\" \/>\n<meta property=\"og:locale:alternate\" content=\"ro_RO\" \/>\n<meta property=\"og:locale:alternate\" content=\"sr_RS\" \/>\n<meta property=\"og:locale:alternate\" content=\"bg_BG\" \/>\n<meta property=\"og:locale:alternate\" content=\"it_IT\" \/>\n<meta property=\"og:type\" content=\"article\" \/>\n<meta property=\"og:title\" content=\"\u041e \u0441\u0430\u0439\u0442\u0435 Pragmatic-Slot.org\" \/>\n<meta property=\"og:description\" content=\"\u0418\u043d\u0444\u043e\u0440\u043c\u0430\u0446\u0438\u044f \u043e \u0441\u0430\u0439\u0442\u0435 Pragmatic-Slot.org. \u0426\u0435\u043b\u0438, \u043c\u0438\u0441\u0441\u0438\u044f, \u0437\u0430\u0434\u0430\u0447\u0438 \u0438 \u043c\u043d\u043e\u0433\u043e\u0435 \u0434\u0440\u0443\u0433\u043e\u0435\" \/>\n<meta property=\"og:url\" content=\"https:\/\/pragmatic-slot.org\/pl\/about\/\" \/>\n<meta property=\"og:site_name\" content=\"Pragmatic\" \/>\n<meta property=\"article:modified_time\" content=\"2024-04-10T11:43:31+00:00\" \/>\n<meta name=\"twitter:card\" content=\"summary_large_image\" \/>\n<meta name=\"twitter:label1\" content=\"Szacowany czas czytania\" \/>\n\t<meta name=\"twitter:data1\" content=\"10 minut\" \/>\n<script type=\"application\/ld+json\" class=\"yoast-schema-graph\">{\"@context\":\"https:\/\/schema.org\",\"@graph\":[{\"@type\":\"WebPage\",\"@id\":\"https:\/\/pragmatic-slot.org\/about\/\",\"url\":\"https:\/\/pragmatic-slot.org\/about\/\",\"name\":\"\u041e \u0441\u0430\u0439\u0442\u0435 Pragmatic-Slot.org\",\"isPartOf\":{\"@id\":\"https:\/\/pragmatic-slot.org\/#website\"},\"datePublished\":\"2023-08-26T22:10:45+00:00\",\"dateModified\":\"2024-04-10T11:43:31+00:00\",\"description\":\"\u0418\u043d\u0444\u043e\u0440\u043c\u0430\u0446\u0438\u044f \u043e \u0441\u0430\u0439\u0442\u0435 Pragmatic-Slot.org. \u0426\u0435\u043b\u0438, \u043c\u0438\u0441\u0441\u0438\u044f, \u0437\u0430\u0434\u0430\u0447\u0438 \u0438 \u043c\u043d\u043e\u0433\u043e\u0435 \u0434\u0440\u0443\u0433\u043e\u0435\",\"breadcrumb\":{\"@id\":\"https:\/\/pragmatic-slot.org\/about\/#breadcrumb\"},\"inLanguage\":\"pl-PL\",\"potentialAction\":[{\"@type\":\"ReadAction\",\"target\":[\"https:\/\/pragmatic-slot.org\/about\/\"]}]},{\"@type\":\"BreadcrumbList\",\"@id\":\"https:\/\/pragmatic-slot.org\/about\/#breadcrumb\",\"itemListElement\":[{\"@type\":\"ListItem\",\"position\":1,\"name\":\"Home\",\"item\":\"https:\/\/pragmatic-slot.org\/\"},{\"@type\":\"ListItem\",\"position\":2,\"name\":\"\u041e \u043d\u0430\u0441\"}]},{\"@type\":\"WebSite\",\"@id\":\"https:\/\/pragmatic-slot.org\/#website\",\"url\":\"https:\/\/pragmatic-slot.org\/\",\"name\":\"Pragmatic\",\"description\":\"Just another WordPress site\",\"potentialAction\":[{\"@type\":\"SearchAction\",\"target\":{\"@type\":\"EntryPoint\",\"urlTemplate\":\"https:\/\/pragmatic-slot.org\/?s={search_term_string}\"},\"query-input\":{\"@type\":\"PropertyValueSpecification\",\"valueRequired\":true,\"valueName\":\"search_term_string\"}}],\"inLanguage\":\"pl-PL\"}]}<\/script>\n<!-- \/ Yoast SEO plugin. -->","yoast_head_json":{"title":"\u041e \u0441\u0430\u0439\u0442\u0435 Pragmatic-Slot.org","description":"Informacje o stronie Pragmatic-Slot.org. Cele, misja, zadania i inne","robots":{"index":"index","follow":"follow","max-snippet":"max-snippet:-1","max-image-preview":"max-image-preview:large","max-video-preview":"max-video-preview:-1"},"canonical":"https:\/\/pragmatic-slot.org\/pl\/about\/","og_locale":"pl_PL","og_type":"article","og_title":"\u041e \u0441\u0430\u0439\u0442\u0435 Pragmatic-Slot.org","og_description":"\u0418\u043d\u0444\u043e\u0440\u043c\u0430\u0446\u0438\u044f \u043e \u0441\u0430\u0439\u0442\u0435 Pragmatic-Slot.org. \u0426\u0435\u043b\u0438, \u043c\u0438\u0441\u0441\u0438\u044f, \u0437\u0430\u0434\u0430\u0447\u0438 \u0438 \u043c\u043d\u043e\u0433\u043e\u0435 \u0434\u0440\u0443\u0433\u043e\u0435","og_url":"https:\/\/pragmatic-slot.org\/pl\/about\/","og_site_name":"Pragmatic","article_modified_time":"2024-04-10T11:43:31+00:00","twitter_card":"summary_large_image","twitter_misc":{"Szacowany czas czytania":"10 minut"},"schema":{"@context":"https:\/\/schema.org","@graph":[{"@type":"WebPage","@id":"https:\/\/pragmatic-slot.org\/about\/","url":"https:\/\/pragmatic-slot.org\/about\/","name":"\u041e \u0441\u0430\u0439\u0442\u0435 Pragmatic-Slot.org","isPartOf":{"@id":"https:\/\/pragmatic-slot.org\/#website"},"datePublished":"2023-08-26T22:10:45+00:00","dateModified":"2024-04-10T11:43:31+00:00","description":"\u0418\u043d\u0444\u043e\u0440\u043c\u0430\u0446\u0438\u044f \u043e \u0441\u0430\u0439\u0442\u0435 Pragmatic-Slot.org. \u0426\u0435\u043b\u0438, \u043c\u0438\u0441\u0441\u0438\u044f, \u0437\u0430\u0434\u0430\u0447\u0438 \u0438 \u043c\u043d\u043e\u0433\u043e\u0435 \u0434\u0440\u0443\u0433\u043e\u0435","breadcrumb":{"@id":"https:\/\/pragmatic-slot.org\/about\/#breadcrumb"},"inLanguage":"pl-PL","potentialAction":[{"@type":"ReadAction","target":["https:\/\/pragmatic-slot.org\/about\/"]}]},{"@type":"BreadcrumbList","@id":"https:\/\/pragmatic-slot.org\/about\/#breadcrumb","itemListElement":[{"@type":"ListItem","position":1,"name":"Home","item":"https:\/\/pragmatic-slot.org\/"},{"@type":"ListItem","position":2,"name":"\u041e \u043d\u0430\u0441"}]},{"@type":"WebSite","@id":"https:\/\/pragmatic-slot.org\/#website","url":"https:\/\/pragmatic-slot.org\/","name":"Pragmatic","description":"Just another WordPress site","potentialAction":[{"@type":"SearchAction","target":{"@type":"EntryPoint","urlTemplate":"https:\/\/pragmatic-slot.org\/?s={search_term_string}"},"query-input":{"@type":"PropertyValueSpecification","valueRequired":true,"valueName":"search_term_string"}}],"inLanguage":"pl-PL"}]}},"_links":{"self":[{"href":"https:\/\/pragmatic-slot.org\/pl\/wp-json\/wp\/v2\/pages\/10","targetHints":{"allow":["GET"]}}],"collection":[{"href":"https:\/\/pragmatic-slot.org\/pl\/wp-json\/wp\/v2\/pages"}],"about":[{"href":"https:\/\/pragmatic-slot.org\/pl\/wp-json\/wp\/v2\/types\/page"}],"author":[{"embeddable":true,"href":"https:\/\/pragmatic-slot.org\/pl\/wp-json\/wp\/v2\/users\/1"}],"replies":[{"embeddable":true,"href":"https:\/\/pragmatic-slot.org\/pl\/wp-json\/wp\/v2\/comments?post=10"}],"version-history":[{"count":13,"href":"https:\/\/pragmatic-slot.org\/pl\/wp-json\/wp\/v2\/pages\/10\/revisions"}],"predecessor-version":[{"id":297,"href":"https:\/\/pragmatic-slot.org\/pl\/wp-json\/wp\/v2\/pages\/10\/revisions\/297"}],"wp:attachment":[{"href":"https:\/\/pragmatic-slot.org\/pl\/wp-json\/wp\/v2\/media?parent=10"}],"curies":[{"name":"wp","href":"https:\/\/api.w.org\/{rel}","templated":true}]}}