{"id":6,"date":"2023-08-26T22:06:32","date_gmt":"2023-08-26T22:06:32","guid":{"rendered":"https:\/\/pragmatic-slot.org\/?page_id=6"},"modified":"2024-04-30T08:26:16","modified_gmt":"2024-04-30T08:26:16","slug":"key-features-of-pragmatic-play","status":"publish","type":"page","link":"https:\/\/pragmatic-slot.org\/it\/","title":{"rendered":"Caratteristiche chiave di Pragmatic Play"},"content":{"rendered":"<p>Pragmatic Play \u00e8 una societ\u00e0 leader nel gioco d&#8217;azzardo online, che offre una vasta gamma di prodotti innovativi, regolamentati e orientati ai dispositivi mobili.<\/p>\n<p>La nostra passione per l&#8217;intrattenimento di qualit\u00e0 non conosce limiti. Ci proponiamo di creare i prodotti pi\u00f9 accattivanti e memorabili per i nostri clienti, come le video slot, i casin\u00f2 dal vivo e il bingo, tutti accessibili tramite un&#8217;unica API.<\/p>\n<p>La libreria di giochi di Pragmatic Play \u00e8 composta da oltre 100 giochi HTML5 provati, sviluppati internamente, che supportano tutte le principali valute e trentuno lingue. Questi giochi sono disponibili anche su tutti i principali mercati certificati. Rilasciamo tre nuove video slot al mese e pianifichiamo di aumentare questo numero.<\/p>\n<h2><strong>Storia dell&#8217;azienda<\/strong><\/h2>\n<p>Nel 2015, Pragmatic Play \u00e8 stata fondata, segnando l&#8217;inizio del suo viaggio. Tuttavia, la vera storia \u00e8 iniziata nel 2016, quando il software \u00e8 stato testato e certificato da Gaming Laboratories International (GLI), un traguardo significativo per l&#8217;azienda.<\/p>\n<p>Nel 2016, Pragmatic Play ha ottenuto licenze da varie organizzazioni e paesi. Sono diventati titolari di licenze dell&#8217;Autorit\u00e0 per il Gioco d&#8217;azzardo di Malta, della Philippine Amusement and Gaming Corporation e di una licenza di Classe 2 dall&#8217;Ufficio Nazionale Romeno per il Gioco d&#8217;azzardo. Queste licenze hanno permesso loro di operare in numerosi mercati.<\/p>\n<p>Nel 2017, Pragmatic Play ha raggiunto un altro traguardo, diventando titolari di licenza presso la UK Gambling Commission, sottolineando il loro alto standard di qualit\u00e0.<\/p>\n<p>Negli anni successivi, nel 2019, Pragmatic Play ha continuato ad espandere i suoi successi. L&#8217;azienda \u00e8 entrata nel mercato svedese, ha rilasciato la video slot &#8220;Mustang Gold&#8221; e ha introdotto lo strumento di stimolazione Enhance.<\/p>\n<p>Il 2020 ha segnato l&#8217;integrazione dei giochi di Pragmatic Play nella piattaforma GGPoker. Hanno anche creato la loro prima slot a marchio dedicata a &#8220;Peaky Blinders&#8221;.<\/p>\n<p>Nel 2021, Pragmatic Play ha continuato a deliziare i giocatori con nuovi prodotti. Il loro &#8220;Mega Roulette&#8221; \u00e8 stato reso disponibile agli operatori latinoamericani in paesi come Argentina, Paraguay e Venezuela. Hanno anche rilasciato il terzo gioco della serie &#8220;Big Bass Bonanza&#8221;, &#8220;Big Bass Bonanza Megaways\u2122&#8221;.<\/p>\n<p>Nel 2022, Pragmatic Play ha collaborato con 888Casino per aprire uno studio di blackjack specifico per questo operatore.<\/p>\n<p>Cos\u00ec, Pragmatic Play ha fatto molta strada dalla sua fondazione nel 2015, diventando un giocatore di successo e riconosciuto nell&#8217;industria del gioco d&#8217;azzardo.<\/p>\n<h2><strong>Tecnologie moderne<\/strong><\/h2>\n<p>Pragmatic Play integra abilmente soluzioni tecnologiche avanzate nei suoi giochi. Grazie all&#8217;HTML5 potente, i giochi dell&#8217;azienda sono accessibili su tutti i dispositivi attuali.<\/p>\n<h2><strong>Gioco Mobile<\/strong><\/h2>\n<p>La piattaforma HTML5 adatta senza problemi i giochi di Pragmatic Play per dispositivi Windows, iOS e Android. Inoltre, puoi goderti le slot Pragmatic su qualsiasi dispositivo senza alcun disagio. Le slot Pragmatic sono giocabili su qualsiasi dispositivo.<\/p>\n<h2><strong>Bonus e Codici Promozionali Attraenti<\/strong><\/h2>\n<p>Pragmatic Play ha arricchito il suo arsenale di bonus con la piattaforma Enhance\u2122, offrendo premi unici, tornei, giri gratuiti, moltiplicatori di vincita e altre deliziose ricompense.<\/p>\n<h2><strong>Sicurezza<\/strong><\/h2>\n<p>Metodi di crittografia moderni e firewall proteggono affidabilmente i giocatori e i loro dati personali. Le licenze dell&#8217;Autorit\u00e0 per il Gioco d&#8217;azzardo di Malta, della UK Gambling Commission e di altri enti regolatori evidenziano l&#8217;affidabilit\u00e0 e l&#8217;equit\u00e0 del provider.<\/p>\n<h2><strong>I Migliori Casin\u00f2 con Giochi Pragmatic Play<\/strong><\/h2>\n<p>Molti casin\u00f2 offrono giochi Pragmatic Play, ma consigliamo i seguenti casin\u00f2 online:<\/p>\n<ul>\n<li style=\"font-weight: 400;\" aria-level=\"1\"><span style=\"font-weight: 400;\">PokerStars Casino<\/span><\/li>\n<li style=\"font-weight: 400;\" aria-level=\"1\"><span style=\"font-weight: 400;\">Pin Up<\/span><\/li>\n<li style=\"font-weight: 400;\" aria-level=\"1\"><span style=\"font-weight: 400;\">GG Poker Casino<\/span><\/li>\n<li style=\"font-weight: 400;\" aria-level=\"1\"><span style=\"font-weight: 400;\">888 Casino<\/span><\/li>\n<li style=\"font-weight: 400;\" aria-level=\"1\"><span style=\"font-weight: 400;\">Mr. Green<\/span><\/li>\n<li style=\"font-weight: 400;\" aria-level=\"1\"><span style=\"font-weight: 400;\">William Hill Casino<\/span><\/li>\n<li style=\"font-weight: 400;\" aria-level=\"1\"><span style=\"font-weight: 400;\">Leo Vegas<\/span><\/li>\n<li style=\"font-weight: 400;\" aria-level=\"1\"><span style=\"font-weight: 400;\">Mostbet<\/span><\/li>\n<li style=\"font-weight: 400;\" aria-level=\"1\"><span style=\"font-weight: 400;\">Casumo<\/span><\/li>\n<li style=\"font-weight: 400;\" aria-level=\"1\"><span style=\"font-weight: 400;\">Betsson<\/span><\/li>\n<\/ul>\n<h2><strong>Pragmatic Play \u00e8 giustamente<\/strong><\/h2>\n<p>considerato uno dei principali e innovativi provider nell&#8217;industria del gioco d&#8217;azzardo. L&#8217;eccezionale strategia e organizzazione di Pragmatic Play consentono loro di rilasciare regolarmente prodotti unici.<\/p>\n<h2><strong>Catalogo di Slot<\/strong><\/h2>\n<p>Il portafoglio di Pragmatic Play include oltre 100 prodotti, tra cui video slot, giochi da tavolo, casin\u00f2 dal vivo e bingo. L&#8217;impressionante assortimento di slot \u00e8 il marchio di fabbrica dell&#8217;azienda, ognuna con un tema unico. Il team di sviluppo professionale di Pragmatic Play crea giochi basati su modelli matematici unici, cercando di fornire un&#8217;esperienza di gioco emozionante.<\/p>\n<p>I prodotti di Pragmatic Play sono facilmente accessibili su PC, dispositivi mobili e tablet, disponibili in 31 lingue e supportano tutte le valute.<\/p>\n<h2><strong>Leadership dell&#8217;azienda Pragmatic Play<\/strong><\/h2>\n<p>Parlando della leadership di Pragmatic Play, possiamo menzionare le seguenti persone:<\/p>\n<ul>\n<li>Yossi Barzely &#8211; CEO (Amministratore Delegato)<\/li>\n<li>Lena Yasir &#8211; VP dei Progetti e dell&#8217;Innovazione (Vice Presidente)<\/li>\n<li>Victoria Grace &#8211; Chief Legal Officer<\/li>\n<li>Denis Gaevsky &#8211; Chief Software Architect<\/li>\n<li>Mark Woollard &#8211; Chief Commercial Officer<\/li>\n<li>Marcos Ballesteros &#8211; Chief Operating Officer.<\/li>\n<\/ul>\n<h2><strong>Domande Frequenti (FAQ) su Pragmatic Play<\/strong><\/h2>\n<h3><strong>Cos&#8217;\u00e8 Pragmatic Play?<\/strong><\/h3>\n<p>Pragmatic Play \u00e8 un&#8217;azienda specializzata nello sviluppo di software e giochi per casin\u00f2 online.<\/p>\n<h3><strong>Quando \u00e8 stata fondata Pragmatic Play?<\/strong><\/h3>\n<p>L&#8217;azienda \u00e8 stata fondata nel 2015.<\/p>\n<h3><strong>Dove ha sede Pragmatic Play?<\/strong><\/h3>\n<p>La sede dell&#8217;azienda si trova a Malta.<\/p>\n<h3><strong>Quali licenze possiede Pragmatic Play?<\/strong><\/h3>\n<p>Pragmatic Play detiene licenze da vari enti regolatori, inclusa l&#8217;Autorit\u00e0 per il Gioco d&#8217;azzardo di Malta, la Philippine Amusement and Gaming Corporation, l&#8217;Ufficio Nazionale Romeno per il Gioco d&#8217;azzardo, la UK Gambling Commission e altri.<\/p>\n<h3><strong>Quali tipi di giochi sviluppa Pragmatic Play?<\/strong><\/h3>\n<p>Pragmatic Play sviluppa una variet\u00e0 di giochi, tra cui slot, giochi da tavolo con carte, roulette e altro ancora.<\/p>\n<h3><strong>Con quali operatori di casin\u00f2 online collabora Pragmatic Play?<\/strong><\/h3>\n<p>L&#8217;azienda collabora con un&#8217;ampia gamma di operatori di casin\u00f2 online in tutto il mondo.<\/p>\n<h3><strong>Quali sono le caratteristiche principali dei giochi di Pragmatic Play?<\/strong><\/h3>\n<p>I giochi di Pragmatic Play sono noti per la loro grafica di alta qualit\u00e0, funzionalit\u00e0 innovative, temi coinvolgenti e adattabilit\u00e0 su vari dispositivi.<\/p>\n<h3><strong>Quali giochi famosi sono stati rilasciati dall&#8217;azienda?<\/strong><\/h3>\n<p>L&#8217;azienda ha rilasciato molti giochi popolari, tra cui &#8220;Mustang Gold&#8221;, &#8220;Peaky Blinders&#8221;, &#8220;Big Bass Bonanza&#8221; e altri.<\/p>\n<h3><strong>Come supporta Pragmatic Play il gioco d&#8217;azzardo responsabile?<\/strong><\/h3>\n<p>Pragmatic Play supporta attivamente il gioco d&#8217;azzardo responsabile fornendo strumenti per impostare limiti di scommessa e tempi.<\/p>\n<h3><strong>Cos&#8217;\u00e8 la funzione Enhance di Pragmatic Play?<\/strong><\/h3>\n<p>Enhance \u00e8 uno strumento di Pragmatic Play progettato per migliorare l&#8217;esperienza di gioco e fornire varie funzionalit\u00e0 in gioco come giri bonus, tornei e altro ancora.<\/p>\n","protected":false},"excerpt":{"rendered":"<p>Pragmatic Play \u00e8 una societ\u00e0 leader nel gioco d&#8217;azzardo online, che offre una vasta gamma di prodotti innovativi, regolamentati e orientati ai dispositivi mobili. La nostra passione per l&#8217;intrattenimento di qualit\u00e0 non conosce limiti. Ci proponiamo di creare i prodotti pi\u00f9 accattivanti e memorabili per i nostri clienti, come le video slot, i casin\u00f2 dal&#8230;<\/p>\n","protected":false},"author":1,"featured_media":0,"parent":0,"menu_order":0,"comment_status":"closed","ping_status":"closed","template":"","meta":{"footnotes":""},"class_list":["post-6","page","type-page","status-publish","hentry"],"yoast_head":"<!-- This site is optimized with the Yoast SEO plugin v27.2 - https:\/\/yoast.com\/product\/yoast-seo-wordpress\/ -->\n<title>\u0418\u0433\u0440\u0430\u0442\u044c \u0432 \u0441\u043b\u043e\u0442\u044b \u0438 \u043e\u043d\u043b\u0430\u0439\u043d \u0438\u0433\u0440\u044b Pragmatic Play \u0432 \u043a\u0430\u0437\u0438\u043d\u043e<\/title>\n<meta name=\"description\" content=\"Slot machine video, giochi da tavolo, casin\u00f2 live e slot per bingo di Pragmatic Play. Gioca e vinci, scarica, prova gratuitamente, deposita e preleva le vincite\" \/>\n<meta name=\"robots\" content=\"index, follow, max-snippet:-1, max-image-preview:large, max-video-preview:-1\" \/>\n<link rel=\"canonical\" href=\"https:\/\/pragmatic-slot.org\/it\/\" \/>\n<meta property=\"og:locale\" content=\"it_IT\" \/>\n<meta property=\"og:locale:alternate\" content=\"ru_RU\" \/>\n<meta property=\"og:locale:alternate\" content=\"en_US\" \/>\n<meta property=\"og:locale:alternate\" content=\"fr_FR\" \/>\n<meta property=\"og:locale:alternate\" content=\"de_DE\" \/>\n<meta property=\"og:locale:alternate\" content=\"ro_RO\" \/>\n<meta property=\"og:locale:alternate\" content=\"sr_RS\" \/>\n<meta property=\"og:locale:alternate\" content=\"bg_BG\" \/>\n<meta property=\"og:locale:alternate\" content=\"pl_PL\" \/>\n<meta property=\"og:type\" content=\"article\" \/>\n<meta property=\"og:title\" content=\"\u0418\u0433\u0440\u0430\u0442\u044c \u0432 \u0441\u043b\u043e\u0442\u044b \u0438 \u043e\u043d\u043b\u0430\u0439\u043d \u0438\u0433\u0440\u044b Pragmatic Play \u0432 \u043a\u0430\u0437\u0438\u043d\u043e\" \/>\n<meta property=\"og:description\" content=\"\u0412\u0438\u0434\u0435\u043e\u0441\u043b\u043e\u0442\u044b, \u043d\u0430\u0441\u0442\u043e\u043b\u044c\u043d\u044b\u0435 \u0438\u0433\u0440\u044b, \u043b\u0430\u0439\u0432-\u043a\u0430\u0437\u0438\u043d\u043e, \u0431\u0438\u043d\u0433\u043e \u0441\u043b\u043e\u0442\u044b \u043e\u0442 \u041f\u0440\u0430\u0433\u043c\u0430\u0442\u0438\u043a \u041f\u043b\u0435\u0439. \u0418\u0433\u0440\u0430\u0442\u044c \u0438 \u0432\u044b\u0438\u0433\u0440\u044b\u0432\u0430\u0442\u044c, \u0441\u043a\u0430\u0447\u0430\u0442\u044c, \u0434\u0435\u043c\u043e, \u0438\u0433\u0440\u0430\u0442\u044c \u0431\u0435\u0441\u043f\u043b\u0430\u0442\u043d\u043e, \u0434\u0435\u043f\u043e\u0437\u0438\u0442, \u0432\u044b\u0432\u043e\u0434 \u0432\u044b\u0438\u0433\u0440\u044b\u0448\u0430\" \/>\n<meta property=\"og:url\" content=\"https:\/\/pragmatic-slot.org\/it\/\" \/>\n<meta property=\"og:site_name\" content=\"Pragmatic\" \/>\n<meta property=\"article:modified_time\" content=\"2024-04-30T08:26:16+00:00\" \/>\n<meta name=\"twitter:card\" content=\"summary_large_image\" \/>\n<meta name=\"twitter:label1\" content=\"Tempo di lettura stimato\" \/>\n\t<meta name=\"twitter:data1\" content=\"32 minuti\" \/>\n<script type=\"application\/ld+json\" class=\"yoast-schema-graph\">{\"@context\":\"https:\/\/schema.org\",\"@graph\":[{\"@type\":\"WebPage\",\"@id\":\"https:\/\/pragmatic-slot.org\/\",\"url\":\"https:\/\/pragmatic-slot.org\/\",\"name\":\"\u0418\u0433\u0440\u0430\u0442\u044c \u0432 \u0441\u043b\u043e\u0442\u044b \u0438 \u043e\u043d\u043b\u0430\u0439\u043d \u0438\u0433\u0440\u044b Pragmatic Play \u0432 \u043a\u0430\u0437\u0438\u043d\u043e\",\"isPartOf\":{\"@id\":\"https:\/\/pragmatic-slot.org\/#website\"},\"datePublished\":\"2023-08-26T22:06:32+00:00\",\"dateModified\":\"2024-04-30T08:26:16+00:00\",\"description\":\"\u0412\u0438\u0434\u0435\u043e\u0441\u043b\u043e\u0442\u044b, \u043d\u0430\u0441\u0442\u043e\u043b\u044c\u043d\u044b\u0435 \u0438\u0433\u0440\u044b, \u043b\u0430\u0439\u0432-\u043a\u0430\u0437\u0438\u043d\u043e, \u0431\u0438\u043d\u0433\u043e \u0441\u043b\u043e\u0442\u044b \u043e\u0442 \u041f\u0440\u0430\u0433\u043c\u0430\u0442\u0438\u043a \u041f\u043b\u0435\u0439. \u0418\u0433\u0440\u0430\u0442\u044c \u0438 \u0432\u044b\u0438\u0433\u0440\u044b\u0432\u0430\u0442\u044c, \u0441\u043a\u0430\u0447\u0430\u0442\u044c, \u0434\u0435\u043c\u043e, \u0438\u0433\u0440\u0430\u0442\u044c \u0431\u0435\u0441\u043f\u043b\u0430\u0442\u043d\u043e, \u0434\u0435\u043f\u043e\u0437\u0438\u0442, \u0432\u044b\u0432\u043e\u0434 \u0432\u044b\u0438\u0433\u0440\u044b\u0448\u0430\",\"breadcrumb\":{\"@id\":\"https:\/\/pragmatic-slot.org\/#breadcrumb\"},\"inLanguage\":\"it-IT\",\"potentialAction\":[{\"@type\":\"ReadAction\",\"target\":[\"https:\/\/pragmatic-slot.org\/\"]}]},{\"@type\":\"BreadcrumbList\",\"@id\":\"https:\/\/pragmatic-slot.org\/#breadcrumb\",\"itemListElement\":[{\"@type\":\"ListItem\",\"position\":1,\"name\":\"Home\",\"item\":\"https:\/\/pragmatic-slot.org\/\"},{\"@type\":\"ListItem\",\"position\":2,\"name\":\"\u041e\u0441\u043d\u043e\u0432\u043d\u044b\u0435 \u0445\u0430\u0440\u0430\u043a\u0442\u0435\u0440\u0438\u0441\u0442\u0438\u043a\u0438 Pragmatic Play\"}]},{\"@type\":\"WebSite\",\"@id\":\"https:\/\/pragmatic-slot.org\/#website\",\"url\":\"https:\/\/pragmatic-slot.org\/\",\"name\":\"Pragmatic\",\"description\":\"Just another WordPress site\",\"potentialAction\":[{\"@type\":\"SearchAction\",\"target\":{\"@type\":\"EntryPoint\",\"urlTemplate\":\"https:\/\/pragmatic-slot.org\/?s={search_term_string}\"},\"query-input\":{\"@type\":\"PropertyValueSpecification\",\"valueRequired\":true,\"valueName\":\"search_term_string\"}}],\"inLanguage\":\"it-IT\"}]}<\/script>\n<!-- \/ Yoast SEO plugin. -->","yoast_head_json":{"title":"\u0418\u0433\u0440\u0430\u0442\u044c \u0432 \u0441\u043b\u043e\u0442\u044b \u0438 \u043e\u043d\u043b\u0430\u0439\u043d \u0438\u0433\u0440\u044b Pragmatic Play \u0432 \u043a\u0430\u0437\u0438\u043d\u043e","description":"Slot machine video, giochi da tavolo, casin\u00f2 live e slot per bingo di Pragmatic Play. Gioca e vinci, scarica, prova gratuitamente, deposita e preleva le vincite","robots":{"index":"index","follow":"follow","max-snippet":"max-snippet:-1","max-image-preview":"max-image-preview:large","max-video-preview":"max-video-preview:-1"},"canonical":"https:\/\/pragmatic-slot.org\/it\/","og_locale":"it_IT","og_type":"article","og_title":"\u0418\u0433\u0440\u0430\u0442\u044c \u0432 \u0441\u043b\u043e\u0442\u044b \u0438 \u043e\u043d\u043b\u0430\u0439\u043d \u0438\u0433\u0440\u044b Pragmatic Play \u0432 \u043a\u0430\u0437\u0438\u043d\u043e","og_description":"\u0412\u0438\u0434\u0435\u043e\u0441\u043b\u043e\u0442\u044b, \u043d\u0430\u0441\u0442\u043e\u043b\u044c\u043d\u044b\u0435 \u0438\u0433\u0440\u044b, \u043b\u0430\u0439\u0432-\u043a\u0430\u0437\u0438\u043d\u043e, \u0431\u0438\u043d\u0433\u043e \u0441\u043b\u043e\u0442\u044b \u043e\u0442 \u041f\u0440\u0430\u0433\u043c\u0430\u0442\u0438\u043a \u041f\u043b\u0435\u0439. \u0418\u0433\u0440\u0430\u0442\u044c \u0438 \u0432\u044b\u0438\u0433\u0440\u044b\u0432\u0430\u0442\u044c, \u0441\u043a\u0430\u0447\u0430\u0442\u044c, \u0434\u0435\u043c\u043e, \u0438\u0433\u0440\u0430\u0442\u044c \u0431\u0435\u0441\u043f\u043b\u0430\u0442\u043d\u043e, \u0434\u0435\u043f\u043e\u0437\u0438\u0442, \u0432\u044b\u0432\u043e\u0434 \u0432\u044b\u0438\u0433\u0440\u044b\u0448\u0430","og_url":"https:\/\/pragmatic-slot.org\/it\/","og_site_name":"Pragmatic","article_modified_time":"2024-04-30T08:26:16+00:00","twitter_card":"summary_large_image","twitter_misc":{"Tempo di lettura stimato":"32 minuti"},"schema":{"@context":"https:\/\/schema.org","@graph":[{"@type":"WebPage","@id":"https:\/\/pragmatic-slot.org\/","url":"https:\/\/pragmatic-slot.org\/","name":"\u0418\u0433\u0440\u0430\u0442\u044c \u0432 \u0441\u043b\u043e\u0442\u044b \u0438 \u043e\u043d\u043b\u0430\u0439\u043d \u0438\u0433\u0440\u044b Pragmatic Play \u0432 \u043a\u0430\u0437\u0438\u043d\u043e","isPartOf":{"@id":"https:\/\/pragmatic-slot.org\/#website"},"datePublished":"2023-08-26T22:06:32+00:00","dateModified":"2024-04-30T08:26:16+00:00","description":"\u0412\u0438\u0434\u0435\u043e\u0441\u043b\u043e\u0442\u044b, \u043d\u0430\u0441\u0442\u043e\u043b\u044c\u043d\u044b\u0435 \u0438\u0433\u0440\u044b, \u043b\u0430\u0439\u0432-\u043a\u0430\u0437\u0438\u043d\u043e, \u0431\u0438\u043d\u0433\u043e \u0441\u043b\u043e\u0442\u044b \u043e\u0442 \u041f\u0440\u0430\u0433\u043c\u0430\u0442\u0438\u043a \u041f\u043b\u0435\u0439. \u0418\u0433\u0440\u0430\u0442\u044c \u0438 \u0432\u044b\u0438\u0433\u0440\u044b\u0432\u0430\u0442\u044c, \u0441\u043a\u0430\u0447\u0430\u0442\u044c, \u0434\u0435\u043c\u043e, \u0438\u0433\u0440\u0430\u0442\u044c \u0431\u0435\u0441\u043f\u043b\u0430\u0442\u043d\u043e, \u0434\u0435\u043f\u043e\u0437\u0438\u0442, \u0432\u044b\u0432\u043e\u0434 \u0432\u044b\u0438\u0433\u0440\u044b\u0448\u0430","breadcrumb":{"@id":"https:\/\/pragmatic-slot.org\/#breadcrumb"},"inLanguage":"it-IT","potentialAction":[{"@type":"ReadAction","target":["https:\/\/pragmatic-slot.org\/"]}]},{"@type":"BreadcrumbList","@id":"https:\/\/pragmatic-slot.org\/#breadcrumb","itemListElement":[{"@type":"ListItem","position":1,"name":"Home","item":"https:\/\/pragmatic-slot.org\/"},{"@type":"ListItem","position":2,"name":"\u041e\u0441\u043d\u043e\u0432\u043d\u044b\u0435 \u0445\u0430\u0440\u0430\u043a\u0442\u0435\u0440\u0438\u0441\u0442\u0438\u043a\u0438 Pragmatic Play"}]},{"@type":"WebSite","@id":"https:\/\/pragmatic-slot.org\/#website","url":"https:\/\/pragmatic-slot.org\/","name":"Pragmatic","description":"Just another WordPress site","potentialAction":[{"@type":"SearchAction","target":{"@type":"EntryPoint","urlTemplate":"https:\/\/pragmatic-slot.org\/?s={search_term_string}"},"query-input":{"@type":"PropertyValueSpecification","valueRequired":true,"valueName":"search_term_string"}}],"inLanguage":"it-IT"}]}},"_links":{"self":[{"href":"https:\/\/pragmatic-slot.org\/it\/wp-json\/wp\/v2\/pages\/6","targetHints":{"allow":["GET"]}}],"collection":[{"href":"https:\/\/pragmatic-slot.org\/it\/wp-json\/wp\/v2\/pages"}],"about":[{"href":"https:\/\/pragmatic-slot.org\/it\/wp-json\/wp\/v2\/types\/page"}],"author":[{"embeddable":true,"href":"https:\/\/pragmatic-slot.org\/it\/wp-json\/wp\/v2\/users\/1"}],"replies":[{"embeddable":true,"href":"https:\/\/pragmatic-slot.org\/it\/wp-json\/wp\/v2\/comments?post=6"}],"version-history":[{"count":28,"href":"https:\/\/pragmatic-slot.org\/it\/wp-json\/wp\/v2\/pages\/6\/revisions"}],"predecessor-version":[{"id":305,"href":"https:\/\/pragmatic-slot.org\/it\/wp-json\/wp\/v2\/pages\/6\/revisions\/305"}],"wp:attachment":[{"href":"https:\/\/pragmatic-slot.org\/it\/wp-json\/wp\/v2\/media?parent=6"}],"curies":[{"name":"wp","href":"https:\/\/api.w.org\/{rel}","templated":true}]}}