{"id":10,"date":"2023-08-26T22:10:45","date_gmt":"2023-08-26T22:10:45","guid":{"rendered":"https:\/\/pragmatic-slot.org\/?page_id=10"},"modified":"2024-04-10T11:43:31","modified_gmt":"2024-04-10T11:43:31","slug":"about","status":"publish","type":"page","link":"https:\/\/pragmatic-slot.org\/it\/about\/","title":{"rendered":"Chi siamo"},"content":{"rendered":"<p>Benvenuti sul nostro sito web dedicato all&#8217;entusiasmante mondo dei giochi di Pragmatic Play. Siamo un team di appassionati che ama il gioco d&#8217;azzardo e le esperienze di gioco emozionanti. La nostra missione \u00e8 condividere con voi l&#8217;incredibile variet\u00e0 e qualit\u00e0 dei giochi offerti da questo principale sviluppatore.<\/p>\n<h2><strong>I nostri obiettivi<\/strong><\/h2>\n<p>Abbiamo l&#8217;obiettivo di fornirvi recensioni complete dei giochi di Pragmatic Play per aiutarvi a fare scelte informate e godervi al massimo il gioco d&#8217;azzardo. Il nostro obiettivo \u00e8 offrirvi informazioni dettagliate su ciascun gioco, consentendovi di immergervi nel mondo del gioco con piena comprensione.<\/p>\n<h2><strong>Approfondimenti sul gioco d&#8217;azzardo da esperti<\/strong><\/h2>\n<p>Le nostre recensioni si basano su valutazioni oggettive e opinioni di esperti. Ciascun gioco viene sottoposto a un&#8217;attenta analisi, compresi i meccanismi di gioco, la grafica, i bonus, l&#8217;RTP (Return to Player) e molto altro ancora. Ci sforziamo di fornirvi tutte le informazioni necessarie affinch\u00e9 possiate valutare se il gioco sia in linea con le vostre preferenze e aspettative.<\/p>\n<h2><strong>Copertura completa<\/strong><\/h2>\n<p>Il nostro sito web copre l&#8217;intero spettro del portfolio di giochi di Pragmatic Play, inclusi slot, bingo, gratta e vinci, casin\u00f2 dal vivo e altro ancora. Aggiorniamo continuamente la nostra collezione di recensioni per tenerlo informato sulle ultime uscite e innovazioni.<\/p>\n<h2><strong>Consigli e raccomandazioni<\/strong><\/h2>\n<p>Offriamo anche consigli e raccomandazioni per la selezione dei giochi, le strategie di gioco e la gestione del bankroll. Il nostro obiettivo \u00e8 rendere la vostra esperienza di gioco ancora pi\u00f9 redditizia e divertente.<\/p>\n<h2><strong>Feedback<\/strong><\/h2>\n<p>Apprezziamo il vostro feedback e siamo pronti a ricevere i vostri contributi. Se avete domande, suggerimenti o desideri, non esitate a contattarci. Siamo sempre aperti al dialogo e pronti a prendere in considerazione il vostro feedback.<\/p>\n<p>Grazie per averci scelto come vostro partner nel mondo dell&#8217;intrattenimento del gioco d&#8217;azzardo. Speriamo che le nostre recensioni vi aiutino a massimizzare il vostro divertimento e le vostre vincite dai giochi di Pragmatic Play!<\/p>\n","protected":false},"excerpt":{"rendered":"<p>Benvenuti sul nostro sito web dedicato all&#8217;entusiasmante mondo dei giochi di Pragmatic Play. Siamo un team di appassionati che ama il gioco d&#8217;azzardo e le esperienze di gioco emozionanti. La nostra missione \u00e8 condividere con voi l&#8217;incredibile variet\u00e0 e qualit\u00e0 dei giochi offerti da questo principale sviluppatore. I nostri obiettivi Abbiamo l&#8217;obiettivo di fornirvi recensioni&#8230;<\/p>\n","protected":false},"author":1,"featured_media":0,"parent":0,"menu_order":0,"comment_status":"closed","ping_status":"closed","template":"","meta":{"footnotes":""},"class_list":["post-10","page","type-page","status-publish","hentry"],"yoast_head":"<!-- This site is optimized with the Yoast SEO plugin v27.2 - https:\/\/yoast.com\/product\/yoast-seo-wordpress\/ -->\n<title>\u041e \u0441\u0430\u0439\u0442\u0435 Pragmatic-Slot.org<\/title>\n<meta name=\"description\" content=\"Informazioni sul sito web Pragmatic-Slot.org. Obiettivi, missione, compiti e altro\" \/>\n<meta name=\"robots\" content=\"index, follow, max-snippet:-1, max-image-preview:large, max-video-preview:-1\" \/>\n<link rel=\"canonical\" href=\"https:\/\/pragmatic-slot.org\/it\/about\/\" \/>\n<meta property=\"og:locale\" content=\"it_IT\" \/>\n<meta property=\"og:locale:alternate\" content=\"ru_RU\" \/>\n<meta property=\"og:locale:alternate\" content=\"en_US\" \/>\n<meta property=\"og:locale:alternate\" content=\"fr_FR\" \/>\n<meta property=\"og:locale:alternate\" content=\"de_DE\" \/>\n<meta property=\"og:locale:alternate\" content=\"ro_RO\" \/>\n<meta property=\"og:locale:alternate\" content=\"sr_RS\" \/>\n<meta property=\"og:locale:alternate\" content=\"bg_BG\" \/>\n<meta property=\"og:locale:alternate\" content=\"pl_PL\" \/>\n<meta property=\"og:type\" content=\"article\" \/>\n<meta property=\"og:title\" content=\"\u041e \u0441\u0430\u0439\u0442\u0435 Pragmatic-Slot.org\" \/>\n<meta property=\"og:description\" content=\"\u0418\u043d\u0444\u043e\u0440\u043c\u0430\u0446\u0438\u044f \u043e \u0441\u0430\u0439\u0442\u0435 Pragmatic-Slot.org. \u0426\u0435\u043b\u0438, \u043c\u0438\u0441\u0441\u0438\u044f, \u0437\u0430\u0434\u0430\u0447\u0438 \u0438 \u043c\u043d\u043e\u0433\u043e\u0435 \u0434\u0440\u0443\u0433\u043e\u0435\" \/>\n<meta property=\"og:url\" content=\"https:\/\/pragmatic-slot.org\/it\/about\/\" \/>\n<meta property=\"og:site_name\" content=\"Pragmatic\" \/>\n<meta property=\"article:modified_time\" content=\"2024-04-10T11:43:31+00:00\" \/>\n<meta name=\"twitter:card\" content=\"summary_large_image\" \/>\n<meta name=\"twitter:label1\" content=\"Tempo di lettura stimato\" \/>\n\t<meta name=\"twitter:data1\" content=\"10 minuti\" \/>\n<script type=\"application\/ld+json\" class=\"yoast-schema-graph\">{\"@context\":\"https:\/\/schema.org\",\"@graph\":[{\"@type\":\"WebPage\",\"@id\":\"https:\/\/pragmatic-slot.org\/about\/\",\"url\":\"https:\/\/pragmatic-slot.org\/about\/\",\"name\":\"\u041e \u0441\u0430\u0439\u0442\u0435 Pragmatic-Slot.org\",\"isPartOf\":{\"@id\":\"https:\/\/pragmatic-slot.org\/#website\"},\"datePublished\":\"2023-08-26T22:10:45+00:00\",\"dateModified\":\"2024-04-10T11:43:31+00:00\",\"description\":\"\u0418\u043d\u0444\u043e\u0440\u043c\u0430\u0446\u0438\u044f \u043e \u0441\u0430\u0439\u0442\u0435 Pragmatic-Slot.org. \u0426\u0435\u043b\u0438, \u043c\u0438\u0441\u0441\u0438\u044f, \u0437\u0430\u0434\u0430\u0447\u0438 \u0438 \u043c\u043d\u043e\u0433\u043e\u0435 \u0434\u0440\u0443\u0433\u043e\u0435\",\"breadcrumb\":{\"@id\":\"https:\/\/pragmatic-slot.org\/about\/#breadcrumb\"},\"inLanguage\":\"it-IT\",\"potentialAction\":[{\"@type\":\"ReadAction\",\"target\":[\"https:\/\/pragmatic-slot.org\/about\/\"]}]},{\"@type\":\"BreadcrumbList\",\"@id\":\"https:\/\/pragmatic-slot.org\/about\/#breadcrumb\",\"itemListElement\":[{\"@type\":\"ListItem\",\"position\":1,\"name\":\"Home\",\"item\":\"https:\/\/pragmatic-slot.org\/\"},{\"@type\":\"ListItem\",\"position\":2,\"name\":\"\u041e \u043d\u0430\u0441\"}]},{\"@type\":\"WebSite\",\"@id\":\"https:\/\/pragmatic-slot.org\/#website\",\"url\":\"https:\/\/pragmatic-slot.org\/\",\"name\":\"Pragmatic\",\"description\":\"Just another WordPress site\",\"potentialAction\":[{\"@type\":\"SearchAction\",\"target\":{\"@type\":\"EntryPoint\",\"urlTemplate\":\"https:\/\/pragmatic-slot.org\/?s={search_term_string}\"},\"query-input\":{\"@type\":\"PropertyValueSpecification\",\"valueRequired\":true,\"valueName\":\"search_term_string\"}}],\"inLanguage\":\"it-IT\"}]}<\/script>\n<!-- \/ Yoast SEO plugin. -->","yoast_head_json":{"title":"\u041e \u0441\u0430\u0439\u0442\u0435 Pragmatic-Slot.org","description":"Informazioni sul sito web Pragmatic-Slot.org. Obiettivi, missione, compiti e altro","robots":{"index":"index","follow":"follow","max-snippet":"max-snippet:-1","max-image-preview":"max-image-preview:large","max-video-preview":"max-video-preview:-1"},"canonical":"https:\/\/pragmatic-slot.org\/it\/about\/","og_locale":"it_IT","og_type":"article","og_title":"\u041e \u0441\u0430\u0439\u0442\u0435 Pragmatic-Slot.org","og_description":"\u0418\u043d\u0444\u043e\u0440\u043c\u0430\u0446\u0438\u044f \u043e \u0441\u0430\u0439\u0442\u0435 Pragmatic-Slot.org. \u0426\u0435\u043b\u0438, \u043c\u0438\u0441\u0441\u0438\u044f, \u0437\u0430\u0434\u0430\u0447\u0438 \u0438 \u043c\u043d\u043e\u0433\u043e\u0435 \u0434\u0440\u0443\u0433\u043e\u0435","og_url":"https:\/\/pragmatic-slot.org\/it\/about\/","og_site_name":"Pragmatic","article_modified_time":"2024-04-10T11:43:31+00:00","twitter_card":"summary_large_image","twitter_misc":{"Tempo di lettura stimato":"10 minuti"},"schema":{"@context":"https:\/\/schema.org","@graph":[{"@type":"WebPage","@id":"https:\/\/pragmatic-slot.org\/about\/","url":"https:\/\/pragmatic-slot.org\/about\/","name":"\u041e \u0441\u0430\u0439\u0442\u0435 Pragmatic-Slot.org","isPartOf":{"@id":"https:\/\/pragmatic-slot.org\/#website"},"datePublished":"2023-08-26T22:10:45+00:00","dateModified":"2024-04-10T11:43:31+00:00","description":"\u0418\u043d\u0444\u043e\u0440\u043c\u0430\u0446\u0438\u044f \u043e \u0441\u0430\u0439\u0442\u0435 Pragmatic-Slot.org. \u0426\u0435\u043b\u0438, \u043c\u0438\u0441\u0441\u0438\u044f, \u0437\u0430\u0434\u0430\u0447\u0438 \u0438 \u043c\u043d\u043e\u0433\u043e\u0435 \u0434\u0440\u0443\u0433\u043e\u0435","breadcrumb":{"@id":"https:\/\/pragmatic-slot.org\/about\/#breadcrumb"},"inLanguage":"it-IT","potentialAction":[{"@type":"ReadAction","target":["https:\/\/pragmatic-slot.org\/about\/"]}]},{"@type":"BreadcrumbList","@id":"https:\/\/pragmatic-slot.org\/about\/#breadcrumb","itemListElement":[{"@type":"ListItem","position":1,"name":"Home","item":"https:\/\/pragmatic-slot.org\/"},{"@type":"ListItem","position":2,"name":"\u041e \u043d\u0430\u0441"}]},{"@type":"WebSite","@id":"https:\/\/pragmatic-slot.org\/#website","url":"https:\/\/pragmatic-slot.org\/","name":"Pragmatic","description":"Just another WordPress site","potentialAction":[{"@type":"SearchAction","target":{"@type":"EntryPoint","urlTemplate":"https:\/\/pragmatic-slot.org\/?s={search_term_string}"},"query-input":{"@type":"PropertyValueSpecification","valueRequired":true,"valueName":"search_term_string"}}],"inLanguage":"it-IT"}]}},"_links":{"self":[{"href":"https:\/\/pragmatic-slot.org\/it\/wp-json\/wp\/v2\/pages\/10","targetHints":{"allow":["GET"]}}],"collection":[{"href":"https:\/\/pragmatic-slot.org\/it\/wp-json\/wp\/v2\/pages"}],"about":[{"href":"https:\/\/pragmatic-slot.org\/it\/wp-json\/wp\/v2\/types\/page"}],"author":[{"embeddable":true,"href":"https:\/\/pragmatic-slot.org\/it\/wp-json\/wp\/v2\/users\/1"}],"replies":[{"embeddable":true,"href":"https:\/\/pragmatic-slot.org\/it\/wp-json\/wp\/v2\/comments?post=10"}],"version-history":[{"count":13,"href":"https:\/\/pragmatic-slot.org\/it\/wp-json\/wp\/v2\/pages\/10\/revisions"}],"predecessor-version":[{"id":297,"href":"https:\/\/pragmatic-slot.org\/it\/wp-json\/wp\/v2\/pages\/10\/revisions\/297"}],"wp:attachment":[{"href":"https:\/\/pragmatic-slot.org\/it\/wp-json\/wp\/v2\/media?parent=10"}],"curies":[{"name":"wp","href":"https:\/\/api.w.org\/{rel}","templated":true}]}}