{"id":6,"date":"2023-08-26T22:06:32","date_gmt":"2023-08-26T22:06:32","guid":{"rendered":"https:\/\/pragmatic-slot.org\/?page_id=6"},"modified":"2024-04-30T08:26:16","modified_gmt":"2024-04-30T08:26:16","slug":"key-features-of-pragmatic-play","status":"publish","type":"page","link":"https:\/\/pragmatic-slot.org\/fr\/","title":{"rendered":"Principales caract\u00e9ristiques de Pragmatic Play"},"content":{"rendered":"<p>Pragmatic Play est une entreprise leader dans le domaine des jeux en ligne, offrant une large gamme de produits de jeu innovants, r\u00e9glement\u00e9s et orient\u00e9s vers les appareils mobiles.<\/p>\n<p>Notre passion pour le divertissement de qualit\u00e9 est sans limites. Notre objectif est de cr\u00e9er les produits les plus captivants et m\u00e9morables pour nos clients, tels que les machines \u00e0 sous vid\u00e9o, les casinos en direct et le bingo, tous accessibles via une seule API.<\/p>\n<p>La biblioth\u00e8que de jeux de Pragmatic Play comprend plus de 100 jeux HTML5 internes \u00e9prouv\u00e9s, prenant en charge toutes les principales devises et trente et une langues. Ces jeux sont \u00e9galement disponibles sur tous les march\u00e9s certifi\u00e9s majeurs. Nous lan\u00e7ons trois nouvelles machines \u00e0 sous vid\u00e9o par mois et pr\u00e9voyons d&rsquo;augmenter ce nombre.<\/p>\n<h2><strong>Histoire de l&rsquo;entreprise<\/strong><\/h2>\n<p>En 2015, Pragmatic Play a \u00e9t\u00e9 fond\u00e9e, marquant le d\u00e9but de son parcours. Cependant, la v\u00e9ritable histoire a commenc\u00e9 en 2016 lorsque le logiciel a \u00e9t\u00e9 test\u00e9 et certifi\u00e9 par Gaming Laboratories International (GLI), une \u00e9tape importante pour l&rsquo;entreprise.<\/p>\n<p>En 2016, Pragmatic Play a obtenu des licences de diverses organisations et pays. Ils sont devenus titulaires de la Malta Gaming Authority, de la Philippine Amusement and Gaming Corporation et d&rsquo;une licence de classe 2 du National Office for Gambling roumain. Ces licences leur ont permis d&rsquo;op\u00e9rer sur de nombreux march\u00e9s.<\/p>\n<p>En 2017, Pragmatic Play a atteint une autre \u00e9tape en devenant titulaire d&rsquo;une licence de la UK Gambling Commission, soulignant leur haut niveau de qualit\u00e9.<\/p>\n<p>Au cours des ann\u00e9es suivantes, en 2019, Pragmatic Play a continu\u00e9 \u00e0 \u00e9tendre ses r\u00e9alisations. La soci\u00e9t\u00e9 est entr\u00e9e sur le march\u00e9 su\u00e9dois, a sorti la machine \u00e0 sous vid\u00e9o \u00ab\u00a0Mustang Gold\u00a0\u00bb et a introduit l&rsquo;outil de stimulation Enhance.<\/p>\n<p>L&rsquo;ann\u00e9e 2020 a marqu\u00e9 l&rsquo;int\u00e9gration des jeux Pragmatic Play dans la plateforme GGPoker. Ils ont \u00e9galement cr\u00e9\u00e9 leur premi\u00e8re machine \u00e0 sous sous licence d\u00e9di\u00e9e \u00e0 \u00ab\u00a0Peaky Blinders\u00a0\u00bb.<\/p>\n<p>En 2021, Pragmatic Play a continu\u00e9 \u00e0 ravir les joueurs avec de nouveaux produits. Leur \u00ab\u00a0Mega Roulette\u00a0\u00bb a \u00e9t\u00e9 mis \u00e0 la disposition des op\u00e9rateurs d&rsquo;Am\u00e9rique latine dans des pays tels que l&rsquo;Argentine, le Paraguay et le Venezuela. Ils ont \u00e9galement sorti le troisi\u00e8me jeu de la s\u00e9rie \u00ab\u00a0Big Bass Bonanza\u00a0\u00bb, \u00ab\u00a0Big Bass Bonanza Megaways\u2122\u00a0\u00bb.<\/p>\n<p>En 2022, Pragmatic Play a collabor\u00e9 avec 888Casino pour ouvrir un studio de blackjack sp\u00e9cialement pour cet op\u00e9rateur.<\/p>\n<p>Ainsi, depuis sa cr\u00e9ation en 2015, Pragmatic Play a parcouru un long chemin pour devenir un acteur prosp\u00e8re et reconnu de l&rsquo;industrie du jeu.<\/p>\n<h2><strong>Technologies modernes<\/strong><\/h2>\n<p>Pragmatic Play int\u00e8gre de mani\u00e8re experte des solutions technologiques avanc\u00e9es dans ses jeux. Gr\u00e2ce \u00e0 la puissance de HTML5, les jeux de l&rsquo;entreprise sont accessibles sur tous les appareils actuels.<\/p>\n<h2><strong>Jeux mobiles<\/strong><\/h2>\n<p>La plateforme HTML5 adapte parfaitement les jeux Pragmatic Play aux appareils Windows, iOS et Android. De plus, vous pouvez jouer aux machines \u00e0 sous Pragmatic Play sur n&rsquo;importe quel appareil sans aucun inconv\u00e9nient. Les machines \u00e0 sous Pragmatic sont jouables sur n&rsquo;importe quel appareil.<\/p>\n<h2><strong>Bonus attrayants et codes promotionnels<\/strong><\/h2>\n<p>Pragmatic Play a enrichi son arsenal de bonus avec sa plateforme Enhance\u2122, offrant des prix uniques, des tournois, des tours gratuits, des multiplicateurs de gains et d&rsquo;autres r\u00e9compenses d\u00e9licieuses.<\/p>\n<h2><strong>S\u00e9curit\u00e9<\/strong><\/h2>\n<p>Des m\u00e9thodes de cryptage modernes et des pare-feu prot\u00e8gent de mani\u00e8re fiable les joueurs et leurs donn\u00e9es personnelles. Les licences de la Malta Gaming Authority, de la UK Gambling Commission et d&rsquo;autres organismes de r\u00e9glementation soulignent la fiabilit\u00e9 et l&rsquo;\u00e9quit\u00e9 du fournisseur.<\/p>\n<h2><strong>Meilleurs casinos avec des jeux Pragmatic Play<\/strong><\/h2>\n<p>De nombreux casinos proposent des jeux Pragmatic Play, mais nous recommandons les casinos en ligne suivants :<\/p>\n<ul>\n<li style=\"font-weight: 400;\" aria-level=\"1\"><span style=\"font-weight: 400;\">PokerStars Casino<\/span><\/li>\n<li style=\"font-weight: 400;\" aria-level=\"1\"><span style=\"font-weight: 400;\">Pin Up<\/span><\/li>\n<li style=\"font-weight: 400;\" aria-level=\"1\"><span style=\"font-weight: 400;\">GG Poker Casino<\/span><\/li>\n<li style=\"font-weight: 400;\" aria-level=\"1\"><span style=\"font-weight: 400;\">888 Casino<\/span><\/li>\n<li style=\"font-weight: 400;\" aria-level=\"1\"><span style=\"font-weight: 400;\">Mr. Green<\/span><\/li>\n<li style=\"font-weight: 400;\" aria-level=\"1\"><span style=\"font-weight: 400;\">William Hill Casino<\/span><\/li>\n<li style=\"font-weight: 400;\" aria-level=\"1\"><span style=\"font-weight: 400;\">Leo Vegas<\/span><\/li>\n<li style=\"font-weight: 400;\" aria-level=\"1\"><span style=\"font-weight: 400;\">Mostbet<\/span><\/li>\n<li style=\"font-weight: 400;\" aria-level=\"1\"><span style=\"font-weight: 400;\">Casumo<\/span><\/li>\n<li style=\"font-weight: 400;\" aria-level=\"1\"><span style=\"font-weight: 400;\">Betsson<\/span><\/li>\n<\/ul>\n<h2><strong>Meilleurs logiciels<\/strong><\/h2>\n<p>Pragmatic Play est \u00e0 juste titre consid\u00e9r\u00e9 comme l&rsquo;un des principaux fournisseurs innovants de l&rsquo;industrie du jeu. La strat\u00e9gie exceptionnelle et l&rsquo;organisation de Pragmatic Play lui permettent de sortir r\u00e9guli\u00e8rement des produits uniques.<\/p>\n<h2><strong>Catalogue de machines \u00e0 sous<\/strong><\/h2>\n<p>Le portefeuille de Pragmatic Play comprend plus de 100 produits, dont des machines \u00e0 sous vid\u00e9o, des jeux de table, des casinos en direct et du bingo. L&rsquo;assortiment impressionnant de machines \u00e0 sous est la marque de fabrique de l&rsquo;entreprise, chacune ayant son propre th\u00e8me unique. L&rsquo;\u00e9quipe de d\u00e9veloppement professionnelle de Pragmatic Play cr\u00e9e des jeux bas\u00e9s sur des mod\u00e8les math\u00e9matiques uniques, s&rsquo;effor\u00e7ant d&rsquo;offrir une exp\u00e9rience de jeu passionnante.<\/p>\n<p>Les produits de Pragmatic Play sont facilement accessibles sur PC, appareils mobiles et tablettes, disponibles en 31 langues et prenant en charge toutes les devises.<\/p>\n<h2><strong>Direction de l&rsquo;entreprise Pragmatic Play<\/strong><\/h2>\n<p>Lorsque l&rsquo;on parle de la direction de Pragmatic Play, on peut mentionner les personnes suivantes :<\/p>\n<ul>\n<li>Yossi Barzely &#8211; PDG (Directeur G\u00e9n\u00e9ral)<\/li>\n<li>Lena Yasir &#8211; VP des Projets et de l&rsquo;Innovation (Vice-Pr\u00e9sident)<\/li>\n<li>Victoria Grace &#8211; Directrice Juridique en Chef<\/li>\n<li>Denis Gaevsky &#8211; Architecte Logiciel en Chef<\/li>\n<li>Mark Woollard &#8211; Directeur Commercial en Chef<\/li>\n<li>Marcos Ballesteros &#8211; Directeur des Op\u00e9rations en Chef.<\/li>\n<\/ul>\n<h2><strong>Questions Fr\u00e9quemment Pos\u00e9es (FAQ) sur Pragmatic Play <\/strong><\/h2>\n<h3><strong>Qu&rsquo;est-ce que Pragmatic Play ?<\/strong><\/h3>\n<p>Pragmatic Play est une entreprise sp\u00e9cialis\u00e9e dans le d\u00e9veloppement de logiciels et de jeux pour les casinos en ligne.<\/p>\n<h3><strong>Quand Pragmatic Play a-t-il \u00e9t\u00e9 fond\u00e9 ?<\/strong><\/h3>\n<p>L&rsquo;entreprise a \u00e9t\u00e9 fond\u00e9e en 2015.<\/p>\n<h3><strong>O\u00f9 se trouve le si\u00e8ge de Pragmatic Play ?<\/strong><\/h3>\n<p>Le si\u00e8ge de l&rsquo;entreprise est situ\u00e9 \u00e0 Malte.<\/p>\n<h3><strong>Quelles licences d\u00e9tient Pragmatic Play ?<\/strong><\/h3>\n<p>Pragmatic Play d\u00e9tient des licences de divers r\u00e9gulateurs, notamment des licences de la Malta Gaming Authority, de la Philippine Amusement and Gaming Corporation, du National Office for Gambling roumain, de la UK Gambling Commission et d&rsquo;autres.<\/p>\n<h3><strong>Quels types de jeux d\u00e9veloppe Pragmatic Play ?<\/strong><\/h3>\n<p>Pragmatic Play d\u00e9veloppe une vari\u00e9t\u00e9 de jeux, dont des machines \u00e0 sous, des jeux de table avec cartes, de la roulette, et bien d&rsquo;autres.<\/p>\n<h3><strong>Avec quels op\u00e9rateurs de casinos en ligne collabore l&rsquo;entreprise Pragmatic Play ?<\/strong><\/h3>\n<p>L&rsquo;entreprise collabore avec un large \u00e9ventail d&rsquo;op\u00e9rateurs de casinos en ligne du monde entier.<\/p>\n<h3><strong>Quelles sont les caract\u00e9ristiques notables des jeux Pragmatic Play ?<\/strong><\/h3>\n<p>Les jeux Pragmatic Play sont connus pour leurs graphismes de haute qualit\u00e9, leurs fonctionnalit\u00e9s innovantes, leurs th\u00e8mes captivants et leur adaptabilit\u00e9 sur diff\u00e9rents appareils.<\/p>\n<h3><strong>Quels sont les jeux c\u00e9l\u00e8bres sortis par l&rsquo;entreprise ?<\/strong><\/h3>\n<p>L&rsquo;entreprise a sorti de nombreux jeux populaires, dont \u00ab\u00a0Mustang Gold\u00a0\u00bb, \u00ab\u00a0Peaky Blinders\u00a0\u00bb, \u00ab\u00a0Big Bass Bonanza\u00a0\u00bb et bien d&rsquo;autres.<\/p>\n<h3><strong>Comment Pragmatic Play soutient-il le jeu responsable ?<\/strong><\/h3>\n<p>Pragmatic Play soutient activement le jeu responsable en fournissant des outils pour d\u00e9finir des limites de mise et des d\u00e9lais.<\/p>\n<h3><strong>Qu&rsquo;est-ce que la fonction Enhance de Pragmatic Play ?<\/strong><\/h3>\n<p>Enhance est un outil de Pragmatic Play con\u00e7u pour am\u00e9liorer l&rsquo;exp\u00e9rience de jeu et fournir diverses fonctionnalit\u00e9s en jeu telles que des tours de bonus, des tournois, et plus encore.<\/p>\n","protected":false},"excerpt":{"rendered":"<p>Pragmatic Play est une entreprise leader dans le domaine des jeux en ligne, offrant une large gamme de produits de jeu innovants, r\u00e9glement\u00e9s et orient\u00e9s vers les appareils mobiles. Notre passion pour le divertissement de qualit\u00e9 est sans limites. Notre objectif est de cr\u00e9er les produits les plus captivants et m\u00e9morables pour nos clients, tels&#8230;<\/p>\n","protected":false},"author":1,"featured_media":0,"parent":0,"menu_order":0,"comment_status":"closed","ping_status":"closed","template":"","meta":{"footnotes":""},"class_list":["post-6","page","type-page","status-publish","hentry"],"yoast_head":"<!-- This site is optimized with the Yoast SEO plugin v27.2 - https:\/\/yoast.com\/product\/yoast-seo-wordpress\/ -->\n<title>\u0418\u0433\u0440\u0430\u0442\u044c \u0432 \u0441\u043b\u043e\u0442\u044b \u0438 \u043e\u043d\u043b\u0430\u0439\u043d \u0438\u0433\u0440\u044b Pragmatic Play \u0432 \u043a\u0430\u0437\u0438\u043d\u043e<\/title>\n<meta name=\"description\" content=\"Machines \u00e0 sous vid\u00e9o, jeux de table, casinos en direct et machines \u00e0 sous de bingo de Pragmatic Play. Jouez et gagnez, t\u00e9l\u00e9chargez, essayez gratuitement, d\u00e9posez et retirez vos gains\" \/>\n<meta name=\"robots\" content=\"index, follow, max-snippet:-1, max-image-preview:large, max-video-preview:-1\" \/>\n<link rel=\"canonical\" href=\"https:\/\/pragmatic-slot.org\/fr\/\" \/>\n<meta property=\"og:locale\" content=\"fr_FR\" \/>\n<meta property=\"og:locale:alternate\" content=\"ru_RU\" \/>\n<meta property=\"og:locale:alternate\" content=\"en_US\" \/>\n<meta property=\"og:locale:alternate\" content=\"de_DE\" \/>\n<meta property=\"og:locale:alternate\" content=\"ro_RO\" \/>\n<meta property=\"og:locale:alternate\" content=\"sr_RS\" \/>\n<meta property=\"og:locale:alternate\" content=\"bg_BG\" \/>\n<meta property=\"og:locale:alternate\" content=\"pl_PL\" \/>\n<meta property=\"og:locale:alternate\" content=\"it_IT\" \/>\n<meta property=\"og:type\" content=\"article\" \/>\n<meta property=\"og:title\" content=\"\u0418\u0433\u0440\u0430\u0442\u044c \u0432 \u0441\u043b\u043e\u0442\u044b \u0438 \u043e\u043d\u043b\u0430\u0439\u043d \u0438\u0433\u0440\u044b Pragmatic Play \u0432 \u043a\u0430\u0437\u0438\u043d\u043e\" \/>\n<meta property=\"og:description\" content=\"\u0412\u0438\u0434\u0435\u043e\u0441\u043b\u043e\u0442\u044b, \u043d\u0430\u0441\u0442\u043e\u043b\u044c\u043d\u044b\u0435 \u0438\u0433\u0440\u044b, \u043b\u0430\u0439\u0432-\u043a\u0430\u0437\u0438\u043d\u043e, \u0431\u0438\u043d\u0433\u043e \u0441\u043b\u043e\u0442\u044b \u043e\u0442 \u041f\u0440\u0430\u0433\u043c\u0430\u0442\u0438\u043a \u041f\u043b\u0435\u0439. \u0418\u0433\u0440\u0430\u0442\u044c \u0438 \u0432\u044b\u0438\u0433\u0440\u044b\u0432\u0430\u0442\u044c, \u0441\u043a\u0430\u0447\u0430\u0442\u044c, \u0434\u0435\u043c\u043e, \u0438\u0433\u0440\u0430\u0442\u044c \u0431\u0435\u0441\u043f\u043b\u0430\u0442\u043d\u043e, \u0434\u0435\u043f\u043e\u0437\u0438\u0442, \u0432\u044b\u0432\u043e\u0434 \u0432\u044b\u0438\u0433\u0440\u044b\u0448\u0430\" \/>\n<meta property=\"og:url\" content=\"https:\/\/pragmatic-slot.org\/fr\/\" \/>\n<meta property=\"og:site_name\" content=\"Pragmatic\" \/>\n<meta property=\"article:modified_time\" content=\"2024-04-30T08:26:16+00:00\" \/>\n<meta name=\"twitter:card\" content=\"summary_large_image\" \/>\n<meta name=\"twitter:label1\" content=\"Dur\u00e9e de lecture estim\u00e9e\" \/>\n\t<meta name=\"twitter:data1\" content=\"32 minutes\" \/>\n<script type=\"application\/ld+json\" class=\"yoast-schema-graph\">{\"@context\":\"https:\/\/schema.org\",\"@graph\":[{\"@type\":\"WebPage\",\"@id\":\"https:\/\/pragmatic-slot.org\/\",\"url\":\"https:\/\/pragmatic-slot.org\/\",\"name\":\"\u0418\u0433\u0440\u0430\u0442\u044c \u0432 \u0441\u043b\u043e\u0442\u044b \u0438 \u043e\u043d\u043b\u0430\u0439\u043d \u0438\u0433\u0440\u044b Pragmatic Play \u0432 \u043a\u0430\u0437\u0438\u043d\u043e\",\"isPartOf\":{\"@id\":\"https:\/\/pragmatic-slot.org\/#website\"},\"datePublished\":\"2023-08-26T22:06:32+00:00\",\"dateModified\":\"2024-04-30T08:26:16+00:00\",\"description\":\"\u0412\u0438\u0434\u0435\u043e\u0441\u043b\u043e\u0442\u044b, \u043d\u0430\u0441\u0442\u043e\u043b\u044c\u043d\u044b\u0435 \u0438\u0433\u0440\u044b, \u043b\u0430\u0439\u0432-\u043a\u0430\u0437\u0438\u043d\u043e, \u0431\u0438\u043d\u0433\u043e \u0441\u043b\u043e\u0442\u044b \u043e\u0442 \u041f\u0440\u0430\u0433\u043c\u0430\u0442\u0438\u043a \u041f\u043b\u0435\u0439. \u0418\u0433\u0440\u0430\u0442\u044c \u0438 \u0432\u044b\u0438\u0433\u0440\u044b\u0432\u0430\u0442\u044c, \u0441\u043a\u0430\u0447\u0430\u0442\u044c, \u0434\u0435\u043c\u043e, \u0438\u0433\u0440\u0430\u0442\u044c \u0431\u0435\u0441\u043f\u043b\u0430\u0442\u043d\u043e, \u0434\u0435\u043f\u043e\u0437\u0438\u0442, \u0432\u044b\u0432\u043e\u0434 \u0432\u044b\u0438\u0433\u0440\u044b\u0448\u0430\",\"breadcrumb\":{\"@id\":\"https:\/\/pragmatic-slot.org\/#breadcrumb\"},\"inLanguage\":\"fr-FR\",\"potentialAction\":[{\"@type\":\"ReadAction\",\"target\":[\"https:\/\/pragmatic-slot.org\/\"]}]},{\"@type\":\"BreadcrumbList\",\"@id\":\"https:\/\/pragmatic-slot.org\/#breadcrumb\",\"itemListElement\":[{\"@type\":\"ListItem\",\"position\":1,\"name\":\"Home\",\"item\":\"https:\/\/pragmatic-slot.org\/\"},{\"@type\":\"ListItem\",\"position\":2,\"name\":\"\u041e\u0441\u043d\u043e\u0432\u043d\u044b\u0435 \u0445\u0430\u0440\u0430\u043a\u0442\u0435\u0440\u0438\u0441\u0442\u0438\u043a\u0438 Pragmatic Play\"}]},{\"@type\":\"WebSite\",\"@id\":\"https:\/\/pragmatic-slot.org\/#website\",\"url\":\"https:\/\/pragmatic-slot.org\/\",\"name\":\"Pragmatic\",\"description\":\"Just another WordPress site\",\"potentialAction\":[{\"@type\":\"SearchAction\",\"target\":{\"@type\":\"EntryPoint\",\"urlTemplate\":\"https:\/\/pragmatic-slot.org\/?s={search_term_string}\"},\"query-input\":{\"@type\":\"PropertyValueSpecification\",\"valueRequired\":true,\"valueName\":\"search_term_string\"}}],\"inLanguage\":\"fr-FR\"}]}<\/script>\n<!-- \/ Yoast SEO plugin. -->","yoast_head_json":{"title":"\u0418\u0433\u0440\u0430\u0442\u044c \u0432 \u0441\u043b\u043e\u0442\u044b \u0438 \u043e\u043d\u043b\u0430\u0439\u043d \u0438\u0433\u0440\u044b Pragmatic Play \u0432 \u043a\u0430\u0437\u0438\u043d\u043e","description":"Machines \u00e0 sous vid\u00e9o, jeux de table, casinos en direct et machines \u00e0 sous de bingo de Pragmatic Play. Jouez et gagnez, t\u00e9l\u00e9chargez, essayez gratuitement, d\u00e9posez et retirez vos gains","robots":{"index":"index","follow":"follow","max-snippet":"max-snippet:-1","max-image-preview":"max-image-preview:large","max-video-preview":"max-video-preview:-1"},"canonical":"https:\/\/pragmatic-slot.org\/fr\/","og_locale":"fr_FR","og_type":"article","og_title":"\u0418\u0433\u0440\u0430\u0442\u044c \u0432 \u0441\u043b\u043e\u0442\u044b \u0438 \u043e\u043d\u043b\u0430\u0439\u043d \u0438\u0433\u0440\u044b Pragmatic Play \u0432 \u043a\u0430\u0437\u0438\u043d\u043e","og_description":"\u0412\u0438\u0434\u0435\u043e\u0441\u043b\u043e\u0442\u044b, \u043d\u0430\u0441\u0442\u043e\u043b\u044c\u043d\u044b\u0435 \u0438\u0433\u0440\u044b, \u043b\u0430\u0439\u0432-\u043a\u0430\u0437\u0438\u043d\u043e, \u0431\u0438\u043d\u0433\u043e \u0441\u043b\u043e\u0442\u044b \u043e\u0442 \u041f\u0440\u0430\u0433\u043c\u0430\u0442\u0438\u043a \u041f\u043b\u0435\u0439. \u0418\u0433\u0440\u0430\u0442\u044c \u0438 \u0432\u044b\u0438\u0433\u0440\u044b\u0432\u0430\u0442\u044c, \u0441\u043a\u0430\u0447\u0430\u0442\u044c, \u0434\u0435\u043c\u043e, \u0438\u0433\u0440\u0430\u0442\u044c \u0431\u0435\u0441\u043f\u043b\u0430\u0442\u043d\u043e, \u0434\u0435\u043f\u043e\u0437\u0438\u0442, \u0432\u044b\u0432\u043e\u0434 \u0432\u044b\u0438\u0433\u0440\u044b\u0448\u0430","og_url":"https:\/\/pragmatic-slot.org\/fr\/","og_site_name":"Pragmatic","article_modified_time":"2024-04-30T08:26:16+00:00","twitter_card":"summary_large_image","twitter_misc":{"Dur\u00e9e de lecture estim\u00e9e":"32 minutes"},"schema":{"@context":"https:\/\/schema.org","@graph":[{"@type":"WebPage","@id":"https:\/\/pragmatic-slot.org\/","url":"https:\/\/pragmatic-slot.org\/","name":"\u0418\u0433\u0440\u0430\u0442\u044c \u0432 \u0441\u043b\u043e\u0442\u044b \u0438 \u043e\u043d\u043b\u0430\u0439\u043d \u0438\u0433\u0440\u044b Pragmatic Play \u0432 \u043a\u0430\u0437\u0438\u043d\u043e","isPartOf":{"@id":"https:\/\/pragmatic-slot.org\/#website"},"datePublished":"2023-08-26T22:06:32+00:00","dateModified":"2024-04-30T08:26:16+00:00","description":"\u0412\u0438\u0434\u0435\u043e\u0441\u043b\u043e\u0442\u044b, \u043d\u0430\u0441\u0442\u043e\u043b\u044c\u043d\u044b\u0435 \u0438\u0433\u0440\u044b, \u043b\u0430\u0439\u0432-\u043a\u0430\u0437\u0438\u043d\u043e, \u0431\u0438\u043d\u0433\u043e \u0441\u043b\u043e\u0442\u044b \u043e\u0442 \u041f\u0440\u0430\u0433\u043c\u0430\u0442\u0438\u043a \u041f\u043b\u0435\u0439. \u0418\u0433\u0440\u0430\u0442\u044c \u0438 \u0432\u044b\u0438\u0433\u0440\u044b\u0432\u0430\u0442\u044c, \u0441\u043a\u0430\u0447\u0430\u0442\u044c, \u0434\u0435\u043c\u043e, \u0438\u0433\u0440\u0430\u0442\u044c \u0431\u0435\u0441\u043f\u043b\u0430\u0442\u043d\u043e, \u0434\u0435\u043f\u043e\u0437\u0438\u0442, \u0432\u044b\u0432\u043e\u0434 \u0432\u044b\u0438\u0433\u0440\u044b\u0448\u0430","breadcrumb":{"@id":"https:\/\/pragmatic-slot.org\/#breadcrumb"},"inLanguage":"fr-FR","potentialAction":[{"@type":"ReadAction","target":["https:\/\/pragmatic-slot.org\/"]}]},{"@type":"BreadcrumbList","@id":"https:\/\/pragmatic-slot.org\/#breadcrumb","itemListElement":[{"@type":"ListItem","position":1,"name":"Home","item":"https:\/\/pragmatic-slot.org\/"},{"@type":"ListItem","position":2,"name":"\u041e\u0441\u043d\u043e\u0432\u043d\u044b\u0435 \u0445\u0430\u0440\u0430\u043a\u0442\u0435\u0440\u0438\u0441\u0442\u0438\u043a\u0438 Pragmatic Play"}]},{"@type":"WebSite","@id":"https:\/\/pragmatic-slot.org\/#website","url":"https:\/\/pragmatic-slot.org\/","name":"Pragmatic","description":"Just another WordPress site","potentialAction":[{"@type":"SearchAction","target":{"@type":"EntryPoint","urlTemplate":"https:\/\/pragmatic-slot.org\/?s={search_term_string}"},"query-input":{"@type":"PropertyValueSpecification","valueRequired":true,"valueName":"search_term_string"}}],"inLanguage":"fr-FR"}]}},"_links":{"self":[{"href":"https:\/\/pragmatic-slot.org\/fr\/wp-json\/wp\/v2\/pages\/6","targetHints":{"allow":["GET"]}}],"collection":[{"href":"https:\/\/pragmatic-slot.org\/fr\/wp-json\/wp\/v2\/pages"}],"about":[{"href":"https:\/\/pragmatic-slot.org\/fr\/wp-json\/wp\/v2\/types\/page"}],"author":[{"embeddable":true,"href":"https:\/\/pragmatic-slot.org\/fr\/wp-json\/wp\/v2\/users\/1"}],"replies":[{"embeddable":true,"href":"https:\/\/pragmatic-slot.org\/fr\/wp-json\/wp\/v2\/comments?post=6"}],"version-history":[{"count":28,"href":"https:\/\/pragmatic-slot.org\/fr\/wp-json\/wp\/v2\/pages\/6\/revisions"}],"predecessor-version":[{"id":305,"href":"https:\/\/pragmatic-slot.org\/fr\/wp-json\/wp\/v2\/pages\/6\/revisions\/305"}],"wp:attachment":[{"href":"https:\/\/pragmatic-slot.org\/fr\/wp-json\/wp\/v2\/media?parent=6"}],"curies":[{"name":"wp","href":"https:\/\/api.w.org\/{rel}","templated":true}]}}