{"id":8,"date":"2023-08-26T22:08:42","date_gmt":"2023-08-26T22:08:42","guid":{"rendered":"https:\/\/pragmatic-slot.org\/?page_id=8"},"modified":"2024-04-10T11:46:32","modified_gmt":"2024-04-10T11:46:32","slug":"pragmatic-play-testimonials","status":"publish","type":"page","link":"https:\/\/pragmatic-slot.org\/de\/pragmatic-play-testimonials\/","title":{"rendered":"Bewertungen von echten Spielern \u00fcber Pragmatic Play"},"content":{"rendered":"<p>Bewertungen von Spielern spielen eine bedeutende Rolle und beeinflussen andere Spieler auf vielf\u00e4ltige Weisen.<\/p>\n<p>Erstens helfen Spielerbewertungen, die St\u00e4rken und Schw\u00e4chen der Spiele zu identifizieren. Positive Bewertungen best\u00e4tigen erfolgreiche Elemente, w\u00e4hrend konstruktive Kritik dazu dient, Bereiche zur Verbesserung aufzuzeigen. F\u00fcr andere Spieler dienen sie als Signal daf\u00fcr, wie signifikant diese M\u00e4ngel sind.<\/p>\n<p>Zweitens tragen Spielerbewertungen zur St\u00e4rkung der Interaktion zwischen dem Unternehmen und seinen Kunden bei. Die aktive Beachtung von Nutzermeinungen zeigt, dass Pragmatic Play sein Publikum sch\u00e4tzt und bestrebt ist, das bestm\u00f6gliche Spielerlebnis zu bieten.<\/p>\n<p>Dar\u00fcber hinaus dienen positive Bewertungen als Motivation f\u00fcr das Entwicklungsteam. Die Erkenntnis, dass ihre Bem\u00fchungen Zufriedenheit und Freude bei den Spielern hervorrufen, inspiriert die Mitarbeiter des Unternehmens dazu, die Spiele weiter zu verbessern und neue einzigartige Konzepte zu entwickeln.<\/p>\n<p>Die Gesamtqualit\u00e4t der Produkte von Pragmatic Play steht in enger Beziehung zur Aktivit\u00e4t der Spieler bei der Diskussion und Bewertung ihrer Spiele. Ihre Bewertungen haben einen positiven Einfluss auf die Innovation, f\u00f6rdern das Wachstum des Unternehmens und bereichern die gesamte Gaming-Branche.<\/p>\n<p><strong>Bewertung: Die Vielfalt der Pragmatic Play-Spiele ist beeindruckend!<\/strong><\/p>\n<p>Ich bin begeistert von der Vielfalt der Spiele von Pragmatic Play. Von klassischen bis hin zu modernen Slots gibt es immer etwas zur Auswahl. Danke f\u00fcr die Qualit\u00e4t!<\/p>\n<p>Anna, 28 Jahre.<\/p>\n<p><strong>Bewertung: Bonusrunden sind unglaublich aufregend!<\/strong><\/p>\n<p>Die Bonusrunden in den Spielen von Pragmatic Play sind ein wahrer Adrenalinkick! Unglaublich spa\u00dfig und immer aufregend.<\/p>\n<p>Ivan, 32 Jahre.<\/p>\n<p><strong>Bewertung: Stabilit\u00e4t und Zuverl\u00e4ssigkeit in Pragmatic Play-Spielen<\/strong><\/p>\n<p>Pragmatic Play-Slots funktionieren immer reibungslos, ohne St\u00f6rungen. Ich kann mich entspannen und das Spiel genie\u00dfen.<\/p>\n<p>Elena, 40 Jahre.<\/p>\n<p><strong>Bewertung: Die Grafik in Pragmatic Play-Slots ist hervorragend<\/strong><\/p>\n<p>Wie schaffen sie es, so lebendige Grafiken zu erstellen? Pragmatic Play-Spiele sind einfach eine visuelle Freude.<\/p>\n<p>Maxim, 26 Jahre.<\/p>\n<p><strong>Bewertung: Neue Ver\u00f6ffentlichungen von Pragmatic Play sind immer beeindruckend<\/strong><\/p>\n<p>Jede neue Ver\u00f6ffentlichung von Pragmatic Play ist f\u00fcr mich wie ein Fest. Sie \u00fcberraschen immer mit Innovationen und interessanten Themen.<\/p>\n<p>Ksenia, 34 Jahre.<\/p>\n<p><strong>Bewertung: Meine Gewinne dank Pragmatic Play<\/strong><\/p>\n<p>Ich habe meine gr\u00f6\u00dften Gewinne mit den Spielen dieses Unternehmens erzielt. Sie bringen zweifellos Gl\u00fcck.<\/p>\n<p>Alexey, 30 Jahre.<\/p>\n<p><strong>Bewertung: Hervorragende Wahl f\u00fcr das mobile Spielen<\/strong><\/p>\n<p>Pragmatic Play-Slots sind perfekt f\u00fcr mobile Ger\u00e4te optimiert. Jetzt kann ich meine Lieblingsspiele jederzeit spielen.<\/p>\n<p>Valeria, 23 Jahre.<\/p>\n<p><strong>Bewertung: Meine Arbeitspausen wurden aufregender<\/strong><\/p>\n<p>Dank Pragmatic Play sind meine Arbeitspausen unterhaltsamer geworden. Ich spiele ihre Slots direkt von meinem Smartphone aus.<\/p>\n<p>Dmitry, 29 Jahre.<\/p>\n<p><strong>Bewertung: Innovationen in jedem Pragmatic Play-Spiel<\/strong><\/p>\n<p>Die progressiven Funktionen in Pragmatic Play-Slots sind immer erstaunlich. Ihre Spiele werden nie langweilig.<\/p>\n<p>Olga, 31 Jahre.<\/p>\n<p><strong>Bewertung: Ich liebe ihre Megaways!<\/strong><\/p>\n<p>Megaways von Pragmatic Play &#8211; mein Geheimnis f\u00fcr gro\u00dfe Gewinne. Diese Slots sorgen f\u00fcr immense Aufregung.<\/p>\n<p>Igor, 37 Jahre.<\/p>\n<p><strong>Bewertung: Kann nicht aufh\u00f6ren, Pragmatic Play-Slots zu spielen<\/strong><\/p>\n<p>Sobald ich anfange, ihre Slots zu spielen, kann ich nicht aufh\u00f6ren. Ich verlange nach mehr neuen Ver\u00f6ffentlichungen!<\/p>\n<p>Natalia, 25 Jahre.<\/p>\n<p><strong>Bewertung: Maximale Aufregung w\u00e4hrend der Pragmatic Play-Spiele<\/strong><\/p>\n<p>Pragmatic Play-Spiele versetzen mich in die Atmosph\u00e4re eines echten Casinos. Sie erzeugen unglaubliche Emotionen!<\/p>\n<p>Artem, 33 Jahre.<\/p>\n<p><strong>Bewertung: Schnelle Unterst\u00fctzung in Pragmatic Play-Spielen<\/strong><\/p>\n<p>Wenn ich Fragen habe, steht der Kundensupport von Pragmatic Play immer bereit, zu helfen. Sehr reaktionsschnell und professionell.<\/p>\n<p>Marina, 29 Jahre.<\/p>\n<p><strong>Bewertung: Einfach und bequem<\/strong><\/p>\n<p>Ich liebe es, Pragmatic Play-Slots zu spielen, weil sie einfach und benutzerfreundlich sind. Man muss nicht viel Zeit damit verbringen, herauszufinden, wie man anf\u00e4ngt zu gewinnen.<\/p>\n<p>Andrey, 27 Jahre.<\/p>\n<p><strong>Bewertung: Echte Spannung bei Pragmatic Play<\/strong><\/p>\n<p>Wenn ich Pragmatic Play-Spiele w\u00e4hle, wei\u00df ich, dass mich echte Aufregung erwartet. Es ist erstaunlich!<\/p>\n<p>Ekaterina, 35 Jahre.<\/p>\n<p><strong>Bewertung: Eine perfekte Mischung aus Klassik und Innovationen<\/strong><\/p>\n<p>Klassische Slots mit modernen M\u00f6glichkeiten &#8211; eine perfekte Kombination von Pragmatic Play.<\/p>\n<p>Vladimir, 31 Jahre.<\/p>\n<p><strong>Bewertung: Kann nicht genug davon bekommen, Pragmatic Play zu spielen<\/strong><\/p>\n<p>Ich spiele ihre Slots stundenlang und werde nicht m\u00fcde. Sie erhalten immer das Interesse und die Aufregung aufrecht.<\/p>\n<p>Yulia, 38 Jahre.<\/p>\n<p><strong>Bewertung: Leicht in die Welt des Spiels eintauchen<\/strong><\/p>\n<p>Wenn ich Pragmatic Play-Slots starte, ist es, als w\u00fcrde ich in meine eigene Welt der Aufregung und Begeisterung eintauchen.<\/p>\n<p>Sergey, 40 Jahre.<\/p>\n<p><strong>Bewertung: Definitiv die besten Slots<\/strong><\/p>\n<p>Ich habe viele verschiedene Slots ausprobiert, aber Pragmatic Play ist etwas Besonderes. Sie wissen sicher, wie man einen Spieler fesselt.<\/p>\n<p>Oleg, 36 Jahre.<\/p>\n<p><strong>Bewertung: Unerwartete Gewinne in Pragmatic Play-Spielen<\/strong><\/p>\n<p>Pragmatic Play-Slots sind f\u00fcr mich der Weg zu unerwarteten Gewinnen. Wenn sie beschlie\u00dfen zu zahlen, ist es ein echter Jackpot!<\/p>\n<p>Maria, 30 Jahre.<\/p>\n","protected":false},"excerpt":{"rendered":"<p>Bewertungen von Spielern spielen eine bedeutende Rolle und beeinflussen andere Spieler auf vielf\u00e4ltige Weisen. Erstens helfen Spielerbewertungen, die St\u00e4rken und Schw\u00e4chen der Spiele zu identifizieren. Positive Bewertungen best\u00e4tigen erfolgreiche Elemente, w\u00e4hrend konstruktive Kritik dazu dient, Bereiche zur Verbesserung aufzuzeigen. F\u00fcr andere Spieler dienen sie als Signal daf\u00fcr, wie signifikant diese M\u00e4ngel sind. Zweitens tragen Spielerbewertungen&#8230;<\/p>\n","protected":false},"author":1,"featured_media":0,"parent":0,"menu_order":0,"comment_status":"closed","ping_status":"closed","template":"","meta":{"footnotes":""},"class_list":["post-8","page","type-page","status-publish","hentry"],"yoast_head":"<!-- This site is optimized with the Yoast SEO plugin v27.2 - https:\/\/yoast.com\/product\/yoast-seo-wordpress\/ -->\n<title>Recenzje od prawdziwych graczy na temat Pragmatic Play<\/title>\n<meta name=\"description\" content=\"Bewertungen, Meinungen und \u00dcbersichten von echten Spielern \u00fcber den Spielentwickler Pragmatic Play. Bewertungen von Pragmatic Play Slots und Online-Spielen\" \/>\n<meta name=\"robots\" content=\"index, follow, max-snippet:-1, max-image-preview:large, max-video-preview:-1\" \/>\n<link rel=\"canonical\" href=\"https:\/\/pragmatic-slot.org\/de\/pragmatic-play-testimonials\/\" \/>\n<meta property=\"og:locale\" content=\"de_DE\" \/>\n<meta property=\"og:locale:alternate\" content=\"ru_RU\" \/>\n<meta property=\"og:locale:alternate\" content=\"en_US\" \/>\n<meta property=\"og:locale:alternate\" content=\"fr_FR\" \/>\n<meta property=\"og:locale:alternate\" content=\"ro_RO\" \/>\n<meta property=\"og:locale:alternate\" content=\"sr_RS\" \/>\n<meta property=\"og:locale:alternate\" content=\"bg_BG\" \/>\n<meta property=\"og:locale:alternate\" content=\"pl_PL\" \/>\n<meta property=\"og:locale:alternate\" content=\"it_IT\" \/>\n<meta property=\"og:type\" content=\"article\" \/>\n<meta property=\"og:title\" content=\"Recenzje od prawdziwych graczy na temat Pragmatic Play\" \/>\n<meta property=\"og:description\" content=\"Recenzje, opinie i przegl\u0105dy od prawdziwych graczy na temat producenta automat\u00f3w Pragmatic Play. Recenzje slot\u00f3w i gier online Pragmatic Play\" \/>\n<meta property=\"og:url\" content=\"https:\/\/pragmatic-slot.org\/de\/pragmatic-play-testimonials\/\" \/>\n<meta property=\"og:site_name\" content=\"Pragmatic\" \/>\n<meta property=\"article:modified_time\" content=\"2024-04-10T11:46:32+00:00\" \/>\n<meta name=\"twitter:card\" content=\"summary_large_image\" \/>\n<meta name=\"twitter:label1\" content=\"Gesch\u00e4tzte Lesezeit\" \/>\n\t<meta name=\"twitter:data1\" content=\"24\u00a0Minuten\" \/>\n<script type=\"application\/ld+json\" class=\"yoast-schema-graph\">{\"@context\":\"https:\/\/schema.org\",\"@graph\":[{\"@type\":\"WebPage\",\"@id\":\"https:\/\/pragmatic-slot.org\/pl\/pragmatic-play-testimonials\/\",\"url\":\"https:\/\/pragmatic-slot.org\/pl\/pragmatic-play-testimonials\/\",\"name\":\"Recenzje od prawdziwych graczy na temat Pragmatic Play\",\"isPartOf\":{\"@id\":\"https:\/\/pragmatic-slot.org\/#website\"},\"datePublished\":\"2023-08-26T22:08:42+00:00\",\"dateModified\":\"2024-04-10T11:46:32+00:00\",\"description\":\"Recenzje, opinie i przegl\u0105dy od prawdziwych graczy na temat producenta automat\u00f3w Pragmatic Play. Recenzje slot\u00f3w i gier online Pragmatic Play\",\"breadcrumb\":{\"@id\":\"https:\/\/pragmatic-slot.org\/pl\/pragmatic-play-testimonials\/#breadcrumb\"},\"inLanguage\":\"de-DE\",\"potentialAction\":[{\"@type\":\"ReadAction\",\"target\":[\"https:\/\/pragmatic-slot.org\/pl\/pragmatic-play-testimonials\/\"]}]},{\"@type\":\"BreadcrumbList\",\"@id\":\"https:\/\/pragmatic-slot.org\/pl\/pragmatic-play-testimonials\/#breadcrumb\",\"itemListElement\":[{\"@type\":\"ListItem\",\"position\":1,\"name\":\"Home\",\"item\":\"https:\/\/pragmatic-slot.org\/\"},{\"@type\":\"ListItem\",\"position\":2,\"name\":\"Opinie prawdziwych graczy o Pragmatic Play\"}]},{\"@type\":\"WebSite\",\"@id\":\"https:\/\/pragmatic-slot.org\/#website\",\"url\":\"https:\/\/pragmatic-slot.org\/\",\"name\":\"Pragmatic\",\"description\":\"Just another WordPress site\",\"potentialAction\":[{\"@type\":\"SearchAction\",\"target\":{\"@type\":\"EntryPoint\",\"urlTemplate\":\"https:\/\/pragmatic-slot.org\/?s={search_term_string}\"},\"query-input\":{\"@type\":\"PropertyValueSpecification\",\"valueRequired\":true,\"valueName\":\"search_term_string\"}}],\"inLanguage\":\"de-DE\"}]}<\/script>\n<!-- \/ Yoast SEO plugin. -->","yoast_head_json":{"title":"Recenzje od prawdziwych graczy na temat Pragmatic Play","description":"Bewertungen, Meinungen und \u00dcbersichten von echten Spielern \u00fcber den Spielentwickler Pragmatic Play. Bewertungen von Pragmatic Play Slots und Online-Spielen","robots":{"index":"index","follow":"follow","max-snippet":"max-snippet:-1","max-image-preview":"max-image-preview:large","max-video-preview":"max-video-preview:-1"},"canonical":"https:\/\/pragmatic-slot.org\/de\/pragmatic-play-testimonials\/","og_locale":"de_DE","og_type":"article","og_title":"Recenzje od prawdziwych graczy na temat Pragmatic Play","og_description":"Recenzje, opinie i przegl\u0105dy od prawdziwych graczy na temat producenta automat\u00f3w Pragmatic Play. Recenzje slot\u00f3w i gier online Pragmatic Play","og_url":"https:\/\/pragmatic-slot.org\/de\/pragmatic-play-testimonials\/","og_site_name":"Pragmatic","article_modified_time":"2024-04-10T11:46:32+00:00","twitter_card":"summary_large_image","twitter_misc":{"Gesch\u00e4tzte Lesezeit":"24\u00a0Minuten"},"schema":{"@context":"https:\/\/schema.org","@graph":[{"@type":"WebPage","@id":"https:\/\/pragmatic-slot.org\/pl\/pragmatic-play-testimonials\/","url":"https:\/\/pragmatic-slot.org\/pl\/pragmatic-play-testimonials\/","name":"Recenzje od prawdziwych graczy na temat Pragmatic Play","isPartOf":{"@id":"https:\/\/pragmatic-slot.org\/#website"},"datePublished":"2023-08-26T22:08:42+00:00","dateModified":"2024-04-10T11:46:32+00:00","description":"Recenzje, opinie i przegl\u0105dy od prawdziwych graczy na temat producenta automat\u00f3w Pragmatic Play. Recenzje slot\u00f3w i gier online Pragmatic Play","breadcrumb":{"@id":"https:\/\/pragmatic-slot.org\/pl\/pragmatic-play-testimonials\/#breadcrumb"},"inLanguage":"de-DE","potentialAction":[{"@type":"ReadAction","target":["https:\/\/pragmatic-slot.org\/pl\/pragmatic-play-testimonials\/"]}]},{"@type":"BreadcrumbList","@id":"https:\/\/pragmatic-slot.org\/pl\/pragmatic-play-testimonials\/#breadcrumb","itemListElement":[{"@type":"ListItem","position":1,"name":"Home","item":"https:\/\/pragmatic-slot.org\/"},{"@type":"ListItem","position":2,"name":"Opinie prawdziwych graczy o Pragmatic Play"}]},{"@type":"WebSite","@id":"https:\/\/pragmatic-slot.org\/#website","url":"https:\/\/pragmatic-slot.org\/","name":"Pragmatic","description":"Just another WordPress site","potentialAction":[{"@type":"SearchAction","target":{"@type":"EntryPoint","urlTemplate":"https:\/\/pragmatic-slot.org\/?s={search_term_string}"},"query-input":{"@type":"PropertyValueSpecification","valueRequired":true,"valueName":"search_term_string"}}],"inLanguage":"de-DE"}]}},"_links":{"self":[{"href":"https:\/\/pragmatic-slot.org\/de\/wp-json\/wp\/v2\/pages\/8","targetHints":{"allow":["GET"]}}],"collection":[{"href":"https:\/\/pragmatic-slot.org\/de\/wp-json\/wp\/v2\/pages"}],"about":[{"href":"https:\/\/pragmatic-slot.org\/de\/wp-json\/wp\/v2\/types\/page"}],"author":[{"embeddable":true,"href":"https:\/\/pragmatic-slot.org\/de\/wp-json\/wp\/v2\/users\/1"}],"replies":[{"embeddable":true,"href":"https:\/\/pragmatic-slot.org\/de\/wp-json\/wp\/v2\/comments?post=8"}],"version-history":[{"count":15,"href":"https:\/\/pragmatic-slot.org\/de\/wp-json\/wp\/v2\/pages\/8\/revisions"}],"predecessor-version":[{"id":299,"href":"https:\/\/pragmatic-slot.org\/de\/wp-json\/wp\/v2\/pages\/8\/revisions\/299"}],"wp:attachment":[{"href":"https:\/\/pragmatic-slot.org\/de\/wp-json\/wp\/v2\/media?parent=8"}],"curies":[{"name":"wp","href":"https:\/\/api.w.org\/{rel}","templated":true}]}}