{"id":6,"date":"2023-08-26T22:06:32","date_gmt":"2023-08-26T22:06:32","guid":{"rendered":"https:\/\/pragmatic-slot.org\/?page_id=6"},"modified":"2024-04-30T08:26:16","modified_gmt":"2024-04-30T08:26:16","slug":"key-features-of-pragmatic-play","status":"publish","type":"page","link":"https:\/\/pragmatic-slot.org\/de\/","title":{"rendered":"Hauptmerkmale von Pragmatic Play"},"content":{"rendered":"<p>Pragmatic Play ist ein f\u00fchrendes Unternehmen im Bereich Online-Gl\u00fccksspiel und bietet eine breite Palette innovativer, regulierter und auf mobile Ger\u00e4te ausgerichteter Spieleprodukte.<\/p>\n<p>Unsere Leidenschaft f\u00fcr qualitativ hochwertige Unterhaltung kennt keine Grenzen. Unser Ziel ist es, die fesselndsten und unvergesslichsten Produkte f\u00fcr unsere Kunden zu schaffen, darunter Video-Slots, Live-Casinos und Bingo, alles \u00fcber eine einzige API zug\u00e4nglich.<\/p>\n<p>Die Spielsammlung von Pragmatic Play umfasst \u00fcber 100 bew\u00e4hrte HTML5-Spiele, die alle wichtigen W\u00e4hrungen und 31 Sprachen unterst\u00fctzen. Diese Spiele sind auch auf allen wichtigen zertifizierten M\u00e4rkten verf\u00fcgbar. Wir ver\u00f6ffentlichen drei neue Video-Slots pro Monat und planen, diese Zahl zu erh\u00f6hen.<\/p>\n<h2><strong>Unternehmensgeschichte<\/strong><\/h2>\n<p>Im Jahr 2015 wurde Pragmatic Play gegr\u00fcndet und markierte den Beginn seiner Reise. Die eigentliche Geschichte begann jedoch im Jahr 2016, als die Software von Gaming Laboratories International (GLI) getestet und zertifiziert wurde, ein bedeutender Meilenstein f\u00fcr das Unternehmen.<\/p>\n<p>Im Jahr 2016 erhielt Pragmatic Play Lizenzen von verschiedenen Organisationen und L\u00e4ndern. Sie wurden Lizenznehmer der Malta Gaming Authority, der Philippine Amusement and Gaming Corporation und einer Klasse-2-Lizenz des National Office for Gambling in Rum\u00e4nien. Diese Lizenzen erm\u00f6glichten es ihnen, auf zahlreichen M\u00e4rkten t\u00e4tig zu sein.<\/p>\n<p>Im Jahr 2017 erreichte Pragmatic Play einen weiteren Meilenstein, als sie Lizenznehmer der UK Gambling Commission wurden und ihre hohe Qualit\u00e4tsstandards unterstrichen.<\/p>\n<p>In den folgenden Jahren, im Jahr 2019, setzte Pragmatic Play seine Expansion fort. Das Unternehmen betrat den schwedischen Markt, ver\u00f6ffentlichte den Video-Slot &#8222;Mustang Gold&#8220; und f\u00fchrte das Enhance-Stimulationstool ein.<\/p>\n<p>Das Jahr 2020 markierte die Integration von Pragmatic Play-Spielen in die GGPoker-Plattform. Sie erstellten auch ihren ersten Marken-Slot, der &#8222;Peaky Blinders&#8220; gewidmet ist.<\/p>\n<p>Im Jahr 2021 setzte Pragmatic Play die Spieler mit neuen Produkten fort. Ihr &#8222;Mega Roulette&#8220; wurde f\u00fcr lateinamerikanische Betreiber in L\u00e4ndern wie Argentinien, Paraguay und Venezuela verf\u00fcgbar gemacht. Sie ver\u00f6ffentlichten auch das dritte Spiel der &#8222;Big Bass Bonanza&#8220;-Serie, &#8222;Big Bass Bonanza Megaways\u2122.&#8220;<\/p>\n<p>Im Jahr 2022 arbeitete Pragmatic Play mit 888Casino zusammen, um ein Blackjack-Studio speziell f\u00fcr diesen Betreiber zu er\u00f6ffnen.<\/p>\n<p>Somit hat Pragmatic Play seit seiner Gr\u00fcndung im Jahr 2015 einen weiten Weg zur\u00fcckgelegt und sich zu einem erfolgreichen und anerkannten Akteur in der Gl\u00fccksspielbranche entwickelt.<\/p>\n<h2><strong>Moderne Technologien<\/strong><\/h2>\n<p>Pragmatic Play integriert geschickt fortschrittliche technologische L\u00f6sungen in seine Spiele. Dank des leistungsstarken HTML5 sind die Spiele des Unternehmens auf allen aktuellen Ger\u00e4ten zug\u00e4nglich.<\/p>\n<h2><strong>Mobiles Spielen<\/strong><\/h2>\n<p>Die HTML5-Plattform passt Pragmatic Play-Spiele nahtlos an Windows, iOS und Android-Ger\u00e4te an. Dar\u00fcber hinaus k\u00f6nnen Sie Pragmatic-Slots auf jedem Ger\u00e4t ohne Unannehmlichkeiten genie\u00dfen. Pragmatic-Slots sind auf jedem Ger\u00e4t spielbar.<\/p>\n<p>Attraktive Boni und Promo-Codes<\/p>\n<p>Pragmatic Play hat sein Bonusangebot mit seiner Enhance\u2122-Plattform bereichert, die einzigartige Preise, Turniere, Freirunden, Gewinnmultiplikatoren und andere verlockende Belohnungen bietet.<\/p>\n<h2><strong>Sicherheit<\/strong><\/h2>\n<p>Moderne Verschl\u00fcsselungsmethoden und Firewalls sch\u00fctzen Spieler und ihre pers\u00f6nlichen Daten zuverl\u00e4ssig. Lizenzen von der Malta Gaming Authority, der UK Gambling Commission und anderen Regulierungsbeh\u00f6rden unterstreichen die Zuverl\u00e4ssigkeit und Fairness des Anbieters.<\/p>\n<h2><strong>Die besten Casinos mit Pragmatic Play-Spielen<\/strong><\/h2>\n<p>Viele Casinos bieten Pragmatic Play-Spiele an, aber wir empfehlen die folgenden Online-Casinos:<\/p>\n<ul>\n<li style=\"font-weight: 400;\" aria-level=\"1\"><span style=\"font-weight: 400;\">PokerStars Casino<\/span><\/li>\n<li style=\"font-weight: 400;\" aria-level=\"1\"><span style=\"font-weight: 400;\">Pin Up<\/span><\/li>\n<li style=\"font-weight: 400;\" aria-level=\"1\"><span style=\"font-weight: 400;\">GG Poker Casino<\/span><\/li>\n<li style=\"font-weight: 400;\" aria-level=\"1\"><span style=\"font-weight: 400;\">888 Casino<\/span><\/li>\n<li style=\"font-weight: 400;\" aria-level=\"1\"><span style=\"font-weight: 400;\">Mr. Green<\/span><\/li>\n<li style=\"font-weight: 400;\" aria-level=\"1\"><span style=\"font-weight: 400;\">William Hill Casino<\/span><\/li>\n<li style=\"font-weight: 400;\" aria-level=\"1\"><span style=\"font-weight: 400;\">Leo Vegas<\/span><\/li>\n<li style=\"font-weight: 400;\" aria-level=\"1\"><span style=\"font-weight: 400;\">Mostbet<\/span><\/li>\n<li style=\"font-weight: 400;\" aria-level=\"1\"><span style=\"font-weight: 400;\">Casumo<\/span><\/li>\n<li style=\"font-weight: 400;\" aria-level=\"1\"><span style=\"font-weight: 400;\">Betsson<\/span><\/li>\n<\/ul>\n<h2><strong>Top-Software<\/strong><\/h2>\n<p>Pragmatic Play wird zu Recht als einer der f\u00fchrenden und innovativsten Anbieter in der Gl\u00fccksspielbranche betrachtet. Die herausragende Strategie und Organisation von Pragmatic Play erm\u00f6glichen es ihnen, regelm\u00e4\u00dfig einzigartige Produkte zu ver\u00f6ffentlichen.<\/p>\n<h2><strong>Slot-Katalog<\/strong><\/h2>\n<p>Das Portfolio von Pragmatic Play umfasst \u00fcber 100 Produkte, darunter Video-Slots, Tischspiele, Live-Casinos und Bingo. Die beeindruckende Auswahl an Slots ist das Markenzeichen des Unternehmens, von denen jeder sein einzigartiges Thema hat. Das professionelle Entwicklungsteam von Pragmatic Play erstellt Spiele auf der Grundlage einzigartiger mathematischer Modelle und bem\u00fcht sich, ein aufregendes Spielerlebnis zu bieten.<\/p>\n<p>Die Produkte von Pragmatic Play sind auf PCs, Mobilger\u00e4ten und Tablets leicht zug\u00e4nglich, sie sind in 31 Sprachen verf\u00fcgbar und unterst\u00fctzen alle W\u00e4hrungen.<\/p>\n<h2><strong>F\u00fchrungsteam von Pragmatic Play<\/strong><\/h2>\n<p>Wenn wir \u00fcber die F\u00fchrung von Pragmatic Play sprechen, k\u00f6nnen wir die folgenden Personen erw\u00e4hnen:<\/p>\n<ul>\n<li>Yossi Barzely &#8211; CEO (Chief Executive Officer)<\/li>\n<li>Lena Yasir &#8211; VP of Projects and Innovation (Vice President)<\/li>\n<li>Victoria Grace &#8211; Chief Legal Officer<\/li>\n<li>Denis Gaevsky &#8211; Chief Software Architect<\/li>\n<li>Mark Woollard &#8211; Chief Commercial Officer<\/li>\n<li>Marcos Ballesteros &#8211; Chief Operating Officer.<\/li>\n<\/ul>\n<h2><strong>H\u00e4ufig gestellte Fragen (FAQ) zu Pragmatic Play <\/strong><\/h2>\n<h3><strong>Was ist Pragmatic Play?<\/strong><\/h3>\n<p>Pragmatic Play ist ein Unternehmen, das sich auf die Entwicklung von Software und Spielen f\u00fcr Online-Casinos spezialisiert hat.<\/p>\n<h3><strong>Wann wurde Pragmatic Play gegr\u00fcndet?<\/strong><\/h3>\n<p>Das Unternehmen wurde im Jahr 2015 gegr\u00fcndet.<\/p>\n<h3><strong>Wo hat Pragmatic Play seinen Hauptsitz?<\/strong><\/h3>\n<p>Der Hauptsitz des Unternehmens befindet sich in Malta.<\/p>\n<h3><strong>\u00dcber welche Lizenzen verf\u00fcgt Pragmatic Play?<\/strong><\/h3>\n<p>Pragmatic Play verf\u00fcgt \u00fcber Lizenzen von verschiedenen Regulierungsbeh\u00f6rden, darunter Lizenzen von der Malta Gaming Authority, der Philippine Amusement and Gaming Corporation, dem National Office for Gambling in Rum\u00e4nien, der UK Gambling Commission und anderen.<\/p>\n<h3><strong>Welche Arten von Spielen entwickelt Pragmatic Play?<\/strong><\/h3>\n<p>Pragmatic Play entwickelt eine Vielzahl von Spielen, darunter Slots, Kartentischspiele, Roulette und mehr.<\/p>\n<h3><strong>Mit welchen Online-Casino-Betreibern arbeitet Pragmatic Play zusammen?<\/strong><\/h3>\n<p>Das Unternehmen arbeitet mit einer breiten Palette von Online-Casino-Betreibern weltweit zusammen.<\/p>\n<h3><strong>Welche herausragenden Merkmale haben die Spiele von Pragmatic Play?<\/strong><\/h3>\n<p>Die Spiele von Pragmatic Play zeichnen sich durch hochwertige Grafiken, innovative Funktionen, fesselnde Themen und Anpassungsf\u00e4higkeit an verschiedene Ger\u00e4te aus.<\/p>\n<h3><strong>Welche ber\u00fchmten Spiele hat das Unternehmen ver\u00f6ffentlicht?<\/strong><\/h3>\n<p>Das Unternehmen hat viele beliebte Spiele ver\u00f6ffentlicht, darunter &#8222;Mustang Gold&#8220;, &#8222;Peaky Blinders&#8220;, &#8222;Big Bass Bonanza&#8220; und mehr.<\/p>\n<h3><strong>Wie unterst\u00fctzt Pragmatic Play verantwortungsbewusstes Gl\u00fccksspiel?<\/strong><\/h3>\n<p>Pragmatic Play unterst\u00fctzt aktiv verantwortungsbewusstes Gl\u00fccksspiel, indem es Tools zur Festlegung von Einsatzlimits und Zeitrahmen bereitstellt.<\/p>\n<h3><strong>Was ist die Enhance-Funktion von Pragmatic Play?<\/strong><\/h3>\n<p>Enhance ist ein Tool von Pragmatic Play, das entwickelt wurde, um das Spielerlebnis zu verbessern und verschiedene Ingame-Funktionen wie Bonusrunden, Turniere und mehr zu bieten.<\/p>\n","protected":false},"excerpt":{"rendered":"<p>Pragmatic Play ist ein f\u00fchrendes Unternehmen im Bereich Online-Gl\u00fccksspiel und bietet eine breite Palette innovativer, regulierter und auf mobile Ger\u00e4te ausgerichteter Spieleprodukte. Unsere Leidenschaft f\u00fcr qualitativ hochwertige Unterhaltung kennt keine Grenzen. Unser Ziel ist es, die fesselndsten und unvergesslichsten Produkte f\u00fcr unsere Kunden zu schaffen, darunter Video-Slots, Live-Casinos und Bingo, alles \u00fcber eine einzige API&#8230;<\/p>\n","protected":false},"author":1,"featured_media":0,"parent":0,"menu_order":0,"comment_status":"closed","ping_status":"closed","template":"","meta":{"footnotes":""},"class_list":["post-6","page","type-page","status-publish","hentry"],"yoast_head":"<!-- This site is optimized with the Yoast SEO plugin v27.2 - https:\/\/yoast.com\/product\/yoast-seo-wordpress\/ -->\n<title>\u0418\u0433\u0440\u0430\u0442\u044c \u0432 \u0441\u043b\u043e\u0442\u044b \u0438 \u043e\u043d\u043b\u0430\u0439\u043d \u0438\u0433\u0440\u044b Pragmatic Play \u0432 \u043a\u0430\u0437\u0438\u043d\u043e<\/title>\n<meta name=\"description\" content=\"Video-Slots, Tischspiele, Live-Casinos und Bingo-Slots von Pragmatic Play. Spielen und gewinnen, herunterladen, kostenlos ausprobieren, einzahlen und Gewinne abheben\" \/>\n<meta name=\"robots\" content=\"index, follow, max-snippet:-1, max-image-preview:large, max-video-preview:-1\" \/>\n<link rel=\"canonical\" href=\"https:\/\/pragmatic-slot.org\/de\/\" \/>\n<meta property=\"og:locale\" content=\"de_DE\" \/>\n<meta property=\"og:locale:alternate\" content=\"ru_RU\" \/>\n<meta property=\"og:locale:alternate\" content=\"en_US\" \/>\n<meta property=\"og:locale:alternate\" content=\"fr_FR\" \/>\n<meta property=\"og:locale:alternate\" content=\"ro_RO\" \/>\n<meta property=\"og:locale:alternate\" content=\"sr_RS\" \/>\n<meta property=\"og:locale:alternate\" content=\"bg_BG\" \/>\n<meta property=\"og:locale:alternate\" content=\"pl_PL\" \/>\n<meta property=\"og:locale:alternate\" content=\"it_IT\" \/>\n<meta property=\"og:type\" content=\"article\" \/>\n<meta property=\"og:title\" content=\"\u0418\u0433\u0440\u0430\u0442\u044c \u0432 \u0441\u043b\u043e\u0442\u044b \u0438 \u043e\u043d\u043b\u0430\u0439\u043d \u0438\u0433\u0440\u044b Pragmatic Play \u0432 \u043a\u0430\u0437\u0438\u043d\u043e\" \/>\n<meta property=\"og:description\" content=\"\u0412\u0438\u0434\u0435\u043e\u0441\u043b\u043e\u0442\u044b, \u043d\u0430\u0441\u0442\u043e\u043b\u044c\u043d\u044b\u0435 \u0438\u0433\u0440\u044b, \u043b\u0430\u0439\u0432-\u043a\u0430\u0437\u0438\u043d\u043e, \u0431\u0438\u043d\u0433\u043e \u0441\u043b\u043e\u0442\u044b \u043e\u0442 \u041f\u0440\u0430\u0433\u043c\u0430\u0442\u0438\u043a \u041f\u043b\u0435\u0439. \u0418\u0433\u0440\u0430\u0442\u044c \u0438 \u0432\u044b\u0438\u0433\u0440\u044b\u0432\u0430\u0442\u044c, \u0441\u043a\u0430\u0447\u0430\u0442\u044c, \u0434\u0435\u043c\u043e, \u0438\u0433\u0440\u0430\u0442\u044c \u0431\u0435\u0441\u043f\u043b\u0430\u0442\u043d\u043e, \u0434\u0435\u043f\u043e\u0437\u0438\u0442, \u0432\u044b\u0432\u043e\u0434 \u0432\u044b\u0438\u0433\u0440\u044b\u0448\u0430\" \/>\n<meta property=\"og:url\" content=\"https:\/\/pragmatic-slot.org\/de\/\" \/>\n<meta property=\"og:site_name\" content=\"Pragmatic\" \/>\n<meta property=\"article:modified_time\" content=\"2024-04-30T08:26:16+00:00\" \/>\n<meta name=\"twitter:card\" content=\"summary_large_image\" \/>\n<meta name=\"twitter:label1\" content=\"Gesch\u00e4tzte Lesezeit\" \/>\n\t<meta name=\"twitter:data1\" content=\"32\u00a0Minuten\" \/>\n<script type=\"application\/ld+json\" class=\"yoast-schema-graph\">{\"@context\":\"https:\/\/schema.org\",\"@graph\":[{\"@type\":\"WebPage\",\"@id\":\"https:\/\/pragmatic-slot.org\/\",\"url\":\"https:\/\/pragmatic-slot.org\/\",\"name\":\"\u0418\u0433\u0440\u0430\u0442\u044c \u0432 \u0441\u043b\u043e\u0442\u044b \u0438 \u043e\u043d\u043b\u0430\u0439\u043d \u0438\u0433\u0440\u044b Pragmatic Play \u0432 \u043a\u0430\u0437\u0438\u043d\u043e\",\"isPartOf\":{\"@id\":\"https:\/\/pragmatic-slot.org\/#website\"},\"datePublished\":\"2023-08-26T22:06:32+00:00\",\"dateModified\":\"2024-04-30T08:26:16+00:00\",\"description\":\"\u0412\u0438\u0434\u0435\u043e\u0441\u043b\u043e\u0442\u044b, \u043d\u0430\u0441\u0442\u043e\u043b\u044c\u043d\u044b\u0435 \u0438\u0433\u0440\u044b, \u043b\u0430\u0439\u0432-\u043a\u0430\u0437\u0438\u043d\u043e, \u0431\u0438\u043d\u0433\u043e \u0441\u043b\u043e\u0442\u044b \u043e\u0442 \u041f\u0440\u0430\u0433\u043c\u0430\u0442\u0438\u043a \u041f\u043b\u0435\u0439. \u0418\u0433\u0440\u0430\u0442\u044c \u0438 \u0432\u044b\u0438\u0433\u0440\u044b\u0432\u0430\u0442\u044c, \u0441\u043a\u0430\u0447\u0430\u0442\u044c, \u0434\u0435\u043c\u043e, \u0438\u0433\u0440\u0430\u0442\u044c \u0431\u0435\u0441\u043f\u043b\u0430\u0442\u043d\u043e, \u0434\u0435\u043f\u043e\u0437\u0438\u0442, \u0432\u044b\u0432\u043e\u0434 \u0432\u044b\u0438\u0433\u0440\u044b\u0448\u0430\",\"breadcrumb\":{\"@id\":\"https:\/\/pragmatic-slot.org\/#breadcrumb\"},\"inLanguage\":\"de-DE\",\"potentialAction\":[{\"@type\":\"ReadAction\",\"target\":[\"https:\/\/pragmatic-slot.org\/\"]}]},{\"@type\":\"BreadcrumbList\",\"@id\":\"https:\/\/pragmatic-slot.org\/#breadcrumb\",\"itemListElement\":[{\"@type\":\"ListItem\",\"position\":1,\"name\":\"Home\",\"item\":\"https:\/\/pragmatic-slot.org\/\"},{\"@type\":\"ListItem\",\"position\":2,\"name\":\"\u041e\u0441\u043d\u043e\u0432\u043d\u044b\u0435 \u0445\u0430\u0440\u0430\u043a\u0442\u0435\u0440\u0438\u0441\u0442\u0438\u043a\u0438 Pragmatic Play\"}]},{\"@type\":\"WebSite\",\"@id\":\"https:\/\/pragmatic-slot.org\/#website\",\"url\":\"https:\/\/pragmatic-slot.org\/\",\"name\":\"Pragmatic\",\"description\":\"Just another WordPress site\",\"potentialAction\":[{\"@type\":\"SearchAction\",\"target\":{\"@type\":\"EntryPoint\",\"urlTemplate\":\"https:\/\/pragmatic-slot.org\/?s={search_term_string}\"},\"query-input\":{\"@type\":\"PropertyValueSpecification\",\"valueRequired\":true,\"valueName\":\"search_term_string\"}}],\"inLanguage\":\"de-DE\"}]}<\/script>\n<!-- \/ Yoast SEO plugin. -->","yoast_head_json":{"title":"\u0418\u0433\u0440\u0430\u0442\u044c \u0432 \u0441\u043b\u043e\u0442\u044b \u0438 \u043e\u043d\u043b\u0430\u0439\u043d \u0438\u0433\u0440\u044b Pragmatic Play \u0432 \u043a\u0430\u0437\u0438\u043d\u043e","description":"Video-Slots, Tischspiele, Live-Casinos und Bingo-Slots von Pragmatic Play. Spielen und gewinnen, herunterladen, kostenlos ausprobieren, einzahlen und Gewinne abheben","robots":{"index":"index","follow":"follow","max-snippet":"max-snippet:-1","max-image-preview":"max-image-preview:large","max-video-preview":"max-video-preview:-1"},"canonical":"https:\/\/pragmatic-slot.org\/de\/","og_locale":"de_DE","og_type":"article","og_title":"\u0418\u0433\u0440\u0430\u0442\u044c \u0432 \u0441\u043b\u043e\u0442\u044b \u0438 \u043e\u043d\u043b\u0430\u0439\u043d \u0438\u0433\u0440\u044b Pragmatic Play \u0432 \u043a\u0430\u0437\u0438\u043d\u043e","og_description":"\u0412\u0438\u0434\u0435\u043e\u0441\u043b\u043e\u0442\u044b, \u043d\u0430\u0441\u0442\u043e\u043b\u044c\u043d\u044b\u0435 \u0438\u0433\u0440\u044b, \u043b\u0430\u0439\u0432-\u043a\u0430\u0437\u0438\u043d\u043e, \u0431\u0438\u043d\u0433\u043e \u0441\u043b\u043e\u0442\u044b \u043e\u0442 \u041f\u0440\u0430\u0433\u043c\u0430\u0442\u0438\u043a \u041f\u043b\u0435\u0439. \u0418\u0433\u0440\u0430\u0442\u044c \u0438 \u0432\u044b\u0438\u0433\u0440\u044b\u0432\u0430\u0442\u044c, \u0441\u043a\u0430\u0447\u0430\u0442\u044c, \u0434\u0435\u043c\u043e, \u0438\u0433\u0440\u0430\u0442\u044c \u0431\u0435\u0441\u043f\u043b\u0430\u0442\u043d\u043e, \u0434\u0435\u043f\u043e\u0437\u0438\u0442, \u0432\u044b\u0432\u043e\u0434 \u0432\u044b\u0438\u0433\u0440\u044b\u0448\u0430","og_url":"https:\/\/pragmatic-slot.org\/de\/","og_site_name":"Pragmatic","article_modified_time":"2024-04-30T08:26:16+00:00","twitter_card":"summary_large_image","twitter_misc":{"Gesch\u00e4tzte Lesezeit":"32\u00a0Minuten"},"schema":{"@context":"https:\/\/schema.org","@graph":[{"@type":"WebPage","@id":"https:\/\/pragmatic-slot.org\/","url":"https:\/\/pragmatic-slot.org\/","name":"\u0418\u0433\u0440\u0430\u0442\u044c \u0432 \u0441\u043b\u043e\u0442\u044b \u0438 \u043e\u043d\u043b\u0430\u0439\u043d \u0438\u0433\u0440\u044b Pragmatic Play \u0432 \u043a\u0430\u0437\u0438\u043d\u043e","isPartOf":{"@id":"https:\/\/pragmatic-slot.org\/#website"},"datePublished":"2023-08-26T22:06:32+00:00","dateModified":"2024-04-30T08:26:16+00:00","description":"\u0412\u0438\u0434\u0435\u043e\u0441\u043b\u043e\u0442\u044b, \u043d\u0430\u0441\u0442\u043e\u043b\u044c\u043d\u044b\u0435 \u0438\u0433\u0440\u044b, \u043b\u0430\u0439\u0432-\u043a\u0430\u0437\u0438\u043d\u043e, \u0431\u0438\u043d\u0433\u043e \u0441\u043b\u043e\u0442\u044b \u043e\u0442 \u041f\u0440\u0430\u0433\u043c\u0430\u0442\u0438\u043a \u041f\u043b\u0435\u0439. \u0418\u0433\u0440\u0430\u0442\u044c \u0438 \u0432\u044b\u0438\u0433\u0440\u044b\u0432\u0430\u0442\u044c, \u0441\u043a\u0430\u0447\u0430\u0442\u044c, \u0434\u0435\u043c\u043e, \u0438\u0433\u0440\u0430\u0442\u044c \u0431\u0435\u0441\u043f\u043b\u0430\u0442\u043d\u043e, \u0434\u0435\u043f\u043e\u0437\u0438\u0442, \u0432\u044b\u0432\u043e\u0434 \u0432\u044b\u0438\u0433\u0440\u044b\u0448\u0430","breadcrumb":{"@id":"https:\/\/pragmatic-slot.org\/#breadcrumb"},"inLanguage":"de-DE","potentialAction":[{"@type":"ReadAction","target":["https:\/\/pragmatic-slot.org\/"]}]},{"@type":"BreadcrumbList","@id":"https:\/\/pragmatic-slot.org\/#breadcrumb","itemListElement":[{"@type":"ListItem","position":1,"name":"Home","item":"https:\/\/pragmatic-slot.org\/"},{"@type":"ListItem","position":2,"name":"\u041e\u0441\u043d\u043e\u0432\u043d\u044b\u0435 \u0445\u0430\u0440\u0430\u043a\u0442\u0435\u0440\u0438\u0441\u0442\u0438\u043a\u0438 Pragmatic Play"}]},{"@type":"WebSite","@id":"https:\/\/pragmatic-slot.org\/#website","url":"https:\/\/pragmatic-slot.org\/","name":"Pragmatic","description":"Just another WordPress site","potentialAction":[{"@type":"SearchAction","target":{"@type":"EntryPoint","urlTemplate":"https:\/\/pragmatic-slot.org\/?s={search_term_string}"},"query-input":{"@type":"PropertyValueSpecification","valueRequired":true,"valueName":"search_term_string"}}],"inLanguage":"de-DE"}]}},"_links":{"self":[{"href":"https:\/\/pragmatic-slot.org\/de\/wp-json\/wp\/v2\/pages\/6","targetHints":{"allow":["GET"]}}],"collection":[{"href":"https:\/\/pragmatic-slot.org\/de\/wp-json\/wp\/v2\/pages"}],"about":[{"href":"https:\/\/pragmatic-slot.org\/de\/wp-json\/wp\/v2\/types\/page"}],"author":[{"embeddable":true,"href":"https:\/\/pragmatic-slot.org\/de\/wp-json\/wp\/v2\/users\/1"}],"replies":[{"embeddable":true,"href":"https:\/\/pragmatic-slot.org\/de\/wp-json\/wp\/v2\/comments?post=6"}],"version-history":[{"count":28,"href":"https:\/\/pragmatic-slot.org\/de\/wp-json\/wp\/v2\/pages\/6\/revisions"}],"predecessor-version":[{"id":305,"href":"https:\/\/pragmatic-slot.org\/de\/wp-json\/wp\/v2\/pages\/6\/revisions\/305"}],"wp:attachment":[{"href":"https:\/\/pragmatic-slot.org\/de\/wp-json\/wp\/v2\/media?parent=6"}],"curies":[{"name":"wp","href":"https:\/\/api.w.org\/{rel}","templated":true}]}}